{"id":134,"date":"2020-03-26T06:28:20","date_gmt":"2020-03-26T06:28:20","guid":{"rendered":"http:\/\/uoncorp.themezinho.net\/?page_id=134"},"modified":"2021-04-15T11:35:24","modified_gmt":"2021-04-15T11:35:24","slug":"iletisim","status":"publish","type":"page","link":"https:\/\/detayteknikyapi.com\/anasayfa\/iletisim\/","title":{"rendered":"\u0130leti\u015fim"},"content":{"rendered":"<p>[vc_row motts_theme_padding=&#8221;no&#8221; use_container=&#8221;yes&#8221; css=&#8221;.vc_custom_1585228342918{padding-top: 120px !important;}&#8221;][vc_column offset=&#8221;vc_col-md-5&#8243;][ts_section_title index=&#8221;01&#8243; title=&#8221;\u0130leti\u015fim Bilgileri&#8221; tagline=&#8221;Soru ve sorunlar\u0131n\u0131z, projelerimiz hakk\u0131nda bilgi almak i\u00e7in bizi aray\u0131n\u0131z.<\/p>\n<p>Ayr\u0131ca ileti\u015fim formunuda kullanabilirsiniz.&#8221;][\/vc_column][vc_column offset=&#8221;vc_col-md-7&#8243;][vc_row_inner][vc_column_inner width=&#8221;1\/2&#8243;][ts_contact_box]<\/p>\n<address>\n<h6>TUZLA<\/h6>\n<p>Evliya \u00c7elebi Mah. Hatboyu Cad.<br \/>\nZiver \u00c7\u0131kmaz\u0131 No:1 D:5 Tuzla\/\u0130stanbul<br \/>\nNot: Tuzla Belediesi Kar\u015f\u0131s\u0131<\/p>\n<p><a href=\"mailto:info@detayteknikyapi.com\">info@detayteknikyapi.com<\/a><\/p>\n<\/address>\n<p>[\/ts_contact_box][\/vc_column_inner][vc_column_inner width=&#8221;1\/2&#8243;][ts_contact_box]<\/p>\n<address>\n<h6>TELEFON<\/h6>\n<p>GSM: 0(533) 690 36 87<br \/>\n0(533) 602 49 96<br \/>\n0(532) 375 73 16<\/p>\n<p>Tel: 0(216) 446 65 65<br \/>\nFax: 0(216) 447 01 53<\/p>\n<\/address>\n<p>[\/ts_contact_box][\/vc_column_inner][\/vc_row_inner][\/vc_column][\/vc_row][vc_row motts_theme_padding=&#8221;no&#8221; use_container=&#8221;yes&#8221; css=&#8221;.vc_custom_1585228353999{padding-bottom: 120px !important;}&#8221;][vc_column][vc_row_inner][vc_column_inner offset=&#8221;vc_col-md-5&#8243;][ts_google_map iframe_url=&#8221;https:\/\/www.google.com\/maps\/embed?pb=!1m18!1m12!1m3!1d377.2870768035269!2d29.300129359765624!3d40.843411123218665!2m3!1f0!2f0!3f0!3m2!1i1024!2i768!4f13.1!3m3!1m2!1s0x14cadc470c411079%3A0xcfdc3c1349d72705!2sDetay%20Teknik%20Yap%C4%B1%20Denetim!5e0!3m2!1str!2str!4v1617718449200!5m2!1str!2str&#8221;][\/vc_column_inner][vc_column_inner offset=&#8221;vc_col-md-7&#8243;]<div role=\"form\" class=\"wpcf7\" id=\"wpcf7-f408-o1\" lang=\"en-US\" dir=\"ltr\">\n<div class=\"screen-reader-response\"><p role=\"status\" aria-live=\"polite\" aria-atomic=\"true\"><\/p> <ul><\/ul><\/div>\n<form action=\"\/anasayfa\/wp-json\/wp\/v2\/pages\/134#wpcf7-f408-o1\" method=\"post\" class=\"wpcf7-form init\" novalidate=\"novalidate\" data-status=\"init\">\n<div style=\"display: none;\">\n<input type=\"hidden\" name=\"_wpcf7\" value=\"408\" \/>\n<input type=\"hidden\" name=\"_wpcf7_version\" value=\"5.4\" \/>\n<input type=\"hidden\" name=\"_wpcf7_locale\" value=\"en_US\" \/>\n<input type=\"hidden\" name=\"_wpcf7_unit_tag\" value=\"wpcf7-f408-o1\" \/>\n<input type=\"hidden\" name=\"_wpcf7_container_post\" value=\"0\" \/>\n<input type=\"hidden\" name=\"_wpcf7_posted_data_hash\" value=\"\" \/>\n<\/div>\n<div class=\"row\">\n<div class=\"form-group col-sm-6 col-12\">\n              <label>Ad\u0131n\u0131z<\/label><br \/>\n               <span class=\"wpcf7-form-control-wrap ad\"><input type=\"text\" name=\"ad\" value=\"\" size=\"40\" class=\"wpcf7-form-control wpcf7-text wpcf7-validates-as-required\" aria-required=\"true\" aria-invalid=\"false\" \/><\/span>\n            <\/div>\n<div class=\"form-group col-sm-6 col-12\">\n              <label>Soyad\u0131n\u0131z<\/label><br \/>\n               <span class=\"wpcf7-form-control-wrap soyad\"><input type=\"text\" name=\"soyad\" value=\"\" size=\"40\" class=\"wpcf7-form-control wpcf7-text wpcf7-validates-as-required\" aria-required=\"true\" aria-invalid=\"false\" \/><\/span>\n            <\/div>\n<div class=\"form-group col-sm-6 col-12\">\n              <label>E-posta<\/label><br \/>\n               <span class=\"wpcf7-form-control-wrap email-178\"><input type=\"email\" name=\"email-178\" value=\"\" size=\"40\" class=\"wpcf7-form-control wpcf7-text wpcf7-email wpcf7-validates-as-required wpcf7-validates-as-email\" aria-required=\"true\" aria-invalid=\"false\" \/><\/span><\/p>\n<\/div>\n<div class=\"form-group col-sm-6 col-12\">\n              <label>Telefon<\/label><br \/>\n              <span class=\"wpcf7-form-control-wrap konu\"><input type=\"text\" name=\"konu\" value=\"\" size=\"40\" class=\"wpcf7-form-control wpcf7-text wpcf7-validates-as-required\" aria-required=\"true\" aria-invalid=\"false\" \/><\/span>\n            <\/div>\n<div class=\"form-group col-12\">\n              <label>Mesaj\u0131n\u0131z<\/label><br \/>\n              <span class=\"wpcf7-form-control-wrap mesajiniz\"><textarea name=\"mesajiniz\" cols=\"40\" rows=\"10\" class=\"wpcf7-form-control wpcf7-textarea wpcf7-validates-as-required\" aria-required=\"true\" aria-invalid=\"false\"><\/textarea><\/span>\n            <\/div>\n<div class=\"form-group col-12\">\n               <input type=\"submit\" name=\"g\u00f6nder\">\n            <\/div>\n<\/div>\n<div class=\"wpcf7-response-output\" aria-hidden=\"true\"><\/div><\/form><\/div>[\/vc_column_inner][\/vc_row_inner][\/vc_column][\/vc_row]<\/p>\n","protected":false},"excerpt":{"rendered":"<p>[vc_row motts_theme_padding=&#8221;no&#8221; use_container=&#8221;yes&#8221; css=&#8221;.vc_custom_1585228342918{padding-top: 120px !important;}&#8221;][vc_column offset=&#8221;vc_col-md-5&#8243;][ts_section_title index=&#8221;01&#8243; title=&#8221;\u0130leti\u015fim Bilgileri&#8221; tagline=&#8221;Soru ve sorunlar\u0131n\u0131z, projelerimiz hakk\u0131nda bilgi almak i\u00e7in bizi aray\u0131n\u0131z. Ayr\u0131ca ileti\u015fim formunuda kullanabilirsiniz.&#8221;][\/vc_column][vc_column offset=&#8221;vc_col-md-7&#8243;][vc_row_inner][vc_column_inner width=&#8221;1\/2&#8243;][ts_contact_box] TUZLA Evliya \u00c7elebi Mah. Hatboyu Cad. Ziver \u00c7\u0131kmaz\u0131 No:1 D:5 Tuzla\/\u0130stanbul Not: Tuzla Belediesi Kar\u015f\u0131s\u0131 info@detayteknikyapi.com [\/ts_contact_box][\/vc_column_inner][vc_column_inner width=&#8221;1\/2&#8243;][ts_contact_box] TELEFON GSM: 0(533) 690 36 87 0(533) 602 49 96 0(532) [&hellip;]<\/p>\n","protected":false},"author":1,"featured_media":0,"parent":0,"menu_order":0,"comment_status":"closed","ping_status":"closed","template":"page-builder.php","meta":[],"_links":{"self":[{"href":"https:\/\/detayteknikyapi.com\/anasayfa\/wp-json\/wp\/v2\/pages\/134"}],"collection":[{"href":"https:\/\/detayteknikyapi.com\/anasayfa\/wp-json\/wp\/v2\/pages"}],"about":[{"href":"https:\/\/detayteknikyapi.com\/anasayfa\/wp-json\/wp\/v2\/types\/page"}],"author":[{"embeddable":true,"href":"https:\/\/detayteknikyapi.com\/anasayfa\/wp-json\/wp\/v2\/users\/1"}],"replies":[{"embeddable":true,"href":"https:\/\/detayteknikyapi.com\/anasayfa\/wp-json\/wp\/v2\/comments?post=134"}],"version-history":[{"count":3,"href":"https:\/\/detayteknikyapi.com\/anasayfa\/wp-json\/wp\/v2\/pages\/134\/revisions"}],"predecessor-version":[{"id":807,"href":"https:\/\/detayteknikyapi.com\/anasayfa\/wp-json\/wp\/v2\/pages\/134\/revisions\/807"}],"wp:attachment":[{"href":"https:\/\/detayteknikyapi.com\/anasayfa\/wp-json\/wp\/v2\/media?parent=134"}],"curies":[{"name":"wp","href":"https:\/\/api.w.org\/{rel}","templated":true}]}}