{"id":188,"date":"2020-03-26T14:08:20","date_gmt":"2020-03-26T14:08:20","guid":{"rendered":"http:\/\/uoncorp.themezinho.net\/?page_id=188"},"modified":"2021-04-07T10:04:42","modified_gmt":"2021-04-07T10:04:42","slug":"hakkimizda","status":"publish","type":"page","link":"https:\/\/detayteknikyapi.com\/anasayfa\/hakkimizda\/","title":{"rendered":"Hakk\u0131m\u0131zda"},"content":{"rendered":"<p>[vc_row use_container=&#8221;yes&#8221;][vc_column][ts_section_title index=&#8221;01&#8243; title=&#8221;Detay Teknik&#8221; tagline=&#8221;Detay teknik yap\u0131 denetim 2013 y\u0131l\u0131nda 4708 say\u0131l\u0131 yap\u0131 denetim hakk\u0131nda ki kanun h\u00fck\u00fcmlerine g\u00f6re,\u00c7evre ve \u015eehircilik bakanl\u0131\u011f\u0131 taraf\u0131ndan verilmi\u015f olan 1938 no\u2019lu yetki belgesi ile 20 y\u0131ld\u0131r Tuzlada 45 ki\u015filik ekibiyle faaliyetlerine devam etmektedir.&#8221;][vc_row_inner css=&#8221;.vc_custom_1615899940857{margin-top: 0px !important;}&#8221;][vc_column_inner offset=&#8221;vc_col-md-6&#8243;][ts_text_box]Hedefimiz \u2013 4708 \u2013 say\u0131l\u0131 Yap\u0131 Denetim Yasas\u0131nda ki ama\u00e7, kapsam g\u00f6rev ve sorululuklar\u0131m\u0131z\u0131n bilincinde olarak uzmanl\u0131k konular\u0131m\u0131zda disiplinli \u00e7al\u0131\u015farak , her t\u00fcrl\u00fc denetim g\u00f6revimizde otoriteyi tesis etmek, kaliteli hizmet hedefine ula\u015fmaktad\u0131r.<\/p>\n<p>\u201cSa\u011flam yap\u0131,Sa\u011flam gelecek\u201d anlay\u0131\u015f\u0131 ile \u00e7al\u0131\u015fan \u015firketimizin, temel amac\u0131 insan\u0131m\u0131z\u0131n, daha sa\u011flam ve sa\u011fl\u0131kl\u0131 yap\u0131larda ya\u015fam kalitesini en \u00fcst d\u00fczeye \u00e7\u0131kartmakt\u0131r.<\/p>\n<p>Birlikte \u00e7al\u0131\u015fmak \u00fcmidiyle mutlu yar\u0131nlar dileriz.[\/ts_text_box][\/vc_column_inner][vc_column_inner offset=&#8221;vc_col-md-6&#8243;][ts_text_box]Meslek deneyim, likayat ve kariyerleriyle kendi bran\u015flar\u0131nda ba\u015far\u0131lar\u0131n\u0131 ispatlam\u0131\u015f, bir ekiple sundu\u011fumuz yap\u0131 denetim hizmetlernde \u00f6ncelikli hedefimiz, kaliteyi ya\u015fam tarzi olarak benimseyenlerin \u00e7\u00f6z\u00fcm orta\u011f\u0131 olmakt\u0131r.[\/ts_text_box][vc_empty_space][ts_progress_bar title=&#8221;Mesleki Deneyim&#8221; value=&#8221;94&#8243;][ts_progress_bar title=&#8221;Ba\u015far\u0131l\u0131 \u00c7al\u0131\u015fma&#8221; value=&#8221;99&#8243;][\/vc_column_inner][\/vc_row_inner][\/vc_column][\/vc_row][vc_row equal_height=&#8221;yes&#8221; section_background_color=&#8221;#405089&#8243; motts_theme_padding=&#8221;no&#8221; el_class=&#8221;side-image-spacing&#8221;][vc_column width=&#8221;1\/2&#8243;][ts_side_content_left has_readmore=&#8221;&#8221; readmore_label=&#8221;&#8221; title=&#8221;&#8221; text=&#8221;&#8221; readmore_link=&#8221;&#8221; image=&#8221;53&#8243;][\/vc_column][vc_column width=&#8221;1\/2&#8243; css=&#8221;.vc_custom_1585408170875{padding-top: 120px !important;padding-right: 100px !important;padding-bottom: 120px !important;padding-left: 100px !important;}&#8221;][ts_section_title color=&#8221;light&#8221; index=&#8221;02&#8243; title=&#8221;Misyon&#8221;][ts_text_box color=&#8221;light&#8221;]Yap\u0131n\u0131n \u201cKanun, Yap\u0131 Denetim Uygulama Y\u00f6netmeli\u011fi ve \u0130lgili Genelgeler\u201de g\u00f6re tamamlanmas\u0131n\u0131 sa\u011flayarak, kaliteli, ekonomik ve d\u00fcnya standartlar\u0131nda bir \u00fcretim ger\u00e7ekle\u015ftirmektir.<\/p>\n<p>Temelde kaliteli ve g\u00fcvenli yap\u0131la\u015fmay\u0131 sa\u011flamak, M\u00fc\u015fteri memnuniyeti, \u015feffafl\u0131k, d\u00fcr\u00fcstl\u00fck, maliyet ve kalite a\u00e7\u0131s\u0131ndan net ve ekonomik \u00e7\u00f6z\u00fcmler \u00fcretmek \u00c7a\u011f\u0131n getirdi\u011fi yenilikleri m\u00fc\u015fterilerimizin hizmetine sunmak, s\u00fcrekli bir de\u011fi\u015fim ve geli\u015fim i\u00e7erisinde bulunmakt\u0131r.<\/p>\n<p>Proje inceleme ve imalat a\u015famalar\u0131nda eksiksiz denetim yaparak g\u00fcvenli ve imar \u015fartlar\u0131na uygun \u00e7a\u011fda\u015f yap\u0131la\u015fmada \u00f6nc\u00fc olmak.<br \/>\nDenetim hizmetini zaman\u0131nda yaparak imalat\u0131n aksat\u0131lmamas\u0131n\u0131 sa\u011flamak.<\/p>\n<p>\u015eantiyeye giren malzemenin standartlara uygunlu\u011funu denetleyerek imalat kalitesini y\u00fckseltmek. \u00c7al\u0131\u015fmalar\u0131m\u0131zla yasalar\u0131n bize tan\u0131m\u0131\u015f oldu\u011fu yetki ve sorumluluklar\u0131 yasalara ba\u011fl\u0131 kalarak uygulamak.<\/p>\n<p>Emlak sekt\u00f6r\u00fcn\u00fcn geli\u015fmesini sa\u011flamak, yat\u0131r\u0131mc\u0131lara g\u00fcven vererek do\u011fru m\u00fclklere y\u00f6nlendirmek Ya\u015fam ve \u00e7al\u0131\u015fma alanlar\u0131nda, ihtiya\u00e7 duyulan her konuda \u015feffaf, g\u00fcvenilir, hukuka uygun, kurumsal ve m\u00fc\u015fteri odakl\u0131 Profesyonel ve Sorunsuz y\u00f6netim hizmeti sunmak,<br \/>\nKat maliki ve kirac\u0131lar\u0131n beklentilerine en iyi \u015fekilde cevap vermek,[\/ts_text_box][\/vc_column][\/vc_row][vc_row equal_height=&#8221;yes&#8221; section_background_color=&#8221;#405089&#8243; motts_theme_padding=&#8221;no&#8221; el_class=&#8221;side-image-spacing&#8221;][vc_column width=&#8221;1\/2&#8243; css=&#8221;.vc_custom_1615919693786{padding-top: 100px !important;padding-right: 100px !important;padding-bottom: 100px !important;padding-left: 100px !important;}&#8221;][ts_section_title color=&#8221;light&#8221; index=&#8221;03&#8243; title=&#8221;Vizyon&#8221;][ts_text_box color=&#8221;light&#8221;]Tecr\u00fcbeli kuruculara sahip bir Yap\u0131 Denetim firmas\u0131 olarak T\u00fcrkiye\u2019de, modern d\u00fcnyan\u0131n ve \u00e7a\u011fda\u015fla\u015fman\u0131n bir gere\u011fi olan kaliteli, g\u00fcvenli, d\u00fcnya standartlar\u0131nda estetik yap\u0131lar olu\u015fturmakt\u0131r.<\/p>\n<p>\u00c7al\u0131\u015fmalar\u0131m\u0131zda hedefimiz; can ve mal g\u00fcvenli\u011finin korunmas\u0131 i\u00e7in, yap\u0131lar\u0131n \u00fcretiminde kalite ve g\u00fcvenlik standartlar\u0131n\u0131 en \u00fcst d\u00fczeyde uygulatarak gelece\u011fe g\u00fcvenle bak\u0131lmas\u0131n\u0131 sa\u011flamakt\u0131r.<\/p>\n<p>Yap\u0131 Denetim sekt\u00f6r\u00fcnde g\u00fcvenilir kurulu\u015f olmak, her zaman bilgili d\u00fcr\u00fcst ve \u00e7al\u0131\u015fkan olmak,<\/p>\n<p>Mesleki etik, \u00e7a\u011fda\u015f, standartlara grup \u00e7al\u0131\u015fmalar\u0131na \u00f6nem vermek, sorun \u00e7\u00f6zmeyi bireysellikten kurtarmak,<\/p>\n<p>\u00c7al\u0131\u015fanlar\u0131n mutlulu\u011funu \u00f6n planda tutmak ve normlara uymak ve kat\u0131l\u0131mlar\u0131n\u0131 sa\u011flamak, e\u011fitim ve teknolojiye \u00f6nem vermek, var\u0131lan seviye ne olursa olsun onu daima ileriye g\u00fczele ve iyiye g\u00f6t\u00fcrmek idealimiz olacakt\u0131r.<\/p>\n<ul>\n<li>Yeniliklerin pe\u015finde ko\u015fma kararl\u0131l\u0131\u011f\u0131m\u0131z,<br \/>\nProaktif olmaya g\u00f6sterdi\u011fimiz \u00f6zen,<br \/>\nAlternatif \u00e7\u00f6z\u00fcmler yaratmadaki becerilerimiz,<br \/>\nOlabilece\u011fimizin en iyisi olma konusundaki ihtiras\u0131m\u0131z,<br \/>\n\u00c7al\u0131\u015fan \u2013 i\u015fveren ili\u015fkilerinde m\u00fckemmeliyet\u00e7i tutumumuz,<br \/>\nKulland\u0131\u011f\u0131m\u0131z teknoloji,<\/li>\n<\/ul>\n<p><strong>De\u011ferlerimiz ;<\/strong><\/p>\n<ul>\n<li>M\u00fc\u015fterilerine en iyi hizmeti verebilmeyi ilke edinmek.<br \/>\nM\u00fc\u015fteri haklar\u0131na de\u011fer vermek.<br \/>\nM\u00fc\u015fteri gizlili\u011fini sa\u011flamak.<br \/>\nEtik kurallara uymak.<br \/>\n\u0130nsana sayg\u0131l\u0131 olmak.<br \/>\nS\u00fcrekli iyile\u015ftirmeyi ve kalite y\u00f6netim sistemini benimsemek.<\/li>\n<\/ul>\n<p>[\/ts_text_box][\/vc_column][vc_column width=&#8221;1\/2&#8243; css=&#8221;.vc_custom_1615919662186{padding-top: 120px !important;padding-right: 0px !important;padding-bottom: 120px !important;padding-left: 100px !important;background-image: url(https:\/\/detayteknikyapi.com\/anasayfa\/wp-content\/uploads\/2020\/03\/image13.jpg?id=86) !important;background-position: center !important;background-repeat: no-repeat !important;background-size: cover !important;}&#8221;][\/vc_column][\/vc_row]<\/p>\n","protected":false},"excerpt":{"rendered":"<p>[vc_row use_container=&#8221;yes&#8221;][vc_column][ts_section_title index=&#8221;01&#8243; title=&#8221;Detay Teknik&#8221; tagline=&#8221;Detay teknik yap\u0131 denetim 2013 y\u0131l\u0131nda 4708 say\u0131l\u0131 yap\u0131 denetim hakk\u0131nda ki kanun h\u00fck\u00fcmlerine g\u00f6re,\u00c7evre ve \u015eehircilik bakanl\u0131\u011f\u0131 taraf\u0131ndan verilmi\u015f olan 1938 no\u2019lu yetki belgesi ile 20 y\u0131ld\u0131r Tuzlada 45 ki\u015filik ekibiyle faaliyetlerine devam etmektedir.&#8221;][vc_row_inner css=&#8221;.vc_custom_1615899940857{margin-top: 0px !important;}&#8221;][vc_column_inner offset=&#8221;vc_col-md-6&#8243;][ts_text_box]Hedefimiz \u2013 4708 \u2013 say\u0131l\u0131 Yap\u0131 Denetim Yasas\u0131nda ki ama\u00e7, kapsam g\u00f6rev [&hellip;]<\/p>\n","protected":false},"author":1,"featured_media":0,"parent":0,"menu_order":0,"comment_status":"closed","ping_status":"closed","template":"page-builder.php","meta":[],"_links":{"self":[{"href":"https:\/\/detayteknikyapi.com\/anasayfa\/wp-json\/wp\/v2\/pages\/188"}],"collection":[{"href":"https:\/\/detayteknikyapi.com\/anasayfa\/wp-json\/wp\/v2\/pages"}],"about":[{"href":"https:\/\/detayteknikyapi.com\/anasayfa\/wp-json\/wp\/v2\/types\/page"}],"author":[{"embeddable":true,"href":"https:\/\/detayteknikyapi.com\/anasayfa\/wp-json\/wp\/v2\/users\/1"}],"replies":[{"embeddable":true,"href":"https:\/\/detayteknikyapi.com\/anasayfa\/wp-json\/wp\/v2\/comments?post=188"}],"version-history":[{"count":18,"href":"https:\/\/detayteknikyapi.com\/anasayfa\/wp-json\/wp\/v2\/pages\/188\/revisions"}],"predecessor-version":[{"id":558,"href":"https:\/\/detayteknikyapi.com\/anasayfa\/wp-json\/wp\/v2\/pages\/188\/revisions\/558"}],"wp:attachment":[{"href":"https:\/\/detayteknikyapi.com\/anasayfa\/wp-json\/wp\/v2\/media?parent=188"}],"curies":[{"name":"wp","href":"https:\/\/api.w.org\/{rel}","templated":true}]}}