{"id":202,"date":"2020-03-26T14:11:20","date_gmt":"2020-03-26T14:11:20","guid":{"rendered":"http:\/\/uoncorp.themezinho.net\/?page_id=202"},"modified":"2021-03-16T19:04:20","modified_gmt":"2021-03-16T19:04:20","slug":"career","status":"publish","type":"page","link":"https:\/\/detayteknikyapi.com\/anasayfa\/career\/","title":{"rendered":"Kariyer"},"content":{"rendered":"<p>[vc_row use_container=&#8221;yes&#8221; el_class=&#8221;career&#8221;][vc_column][ts_section_title index=&#8221;01&#8243; title=&#8221;kariyer&#8221; tagline=&#8221;\u015eirketimizdeki bo\u015f pozisyonlarda sizleri de\u011ferlendirebilmemiz i\u00e7in bizlere cv&#8217;nizi g\u00f6nderebilirsiniz.&#8221;][vc_row_inner][vc_column_inner]<div role=\"form\" class=\"wpcf7\" id=\"wpcf7-f264-o1\" lang=\"en-US\" dir=\"ltr\">\n<div class=\"screen-reader-response\"><p role=\"status\" aria-live=\"polite\" aria-atomic=\"true\"><\/p> <ul><\/ul><\/div>\n<form action=\"\/anasayfa\/wp-json\/wp\/v2\/pages\/202#wpcf7-f264-o1\" method=\"post\" class=\"wpcf7-form init\" enctype=\"multipart\/form-data\" novalidate=\"novalidate\" data-status=\"init\">\n<div style=\"display: none;\">\n<input type=\"hidden\" name=\"_wpcf7\" value=\"264\" \/>\n<input type=\"hidden\" name=\"_wpcf7_version\" value=\"5.4\" \/>\n<input type=\"hidden\" name=\"_wpcf7_locale\" value=\"en_US\" \/>\n<input type=\"hidden\" name=\"_wpcf7_unit_tag\" value=\"wpcf7-f264-o1\" \/>\n<input type=\"hidden\" name=\"_wpcf7_container_post\" value=\"0\" \/>\n<input type=\"hidden\" name=\"_wpcf7_posted_data_hash\" value=\"\" \/>\n<\/div>\n<div class=\"row\" style=\"margin-bottom:15px\">\n<div class=\"col-md-6\">\n<div class=\"form-group\">\n<span class=\"wpcf7-form-control-wrap isminiz\"><input type=\"text\" name=\"isminiz\" value=\"\u0130sminiz\" size=\"40\" class=\"wpcf7-form-control wpcf7-text wpcf7-validates-as-required\" aria-required=\"true\" aria-invalid=\"false\" \/><\/span>\n<\/div>\n<\/div>\n<div class=\"col-md-6\">\n<div class=\"form-group\">\n<span class=\"wpcf7-form-control-wrap soyisminiz\"><input type=\"text\" name=\"soyisminiz\" value=\"Soyisminiz\" size=\"40\" class=\"wpcf7-form-control wpcf7-text wpcf7-validates-as-required\" aria-required=\"true\" aria-invalid=\"false\" \/><\/span>\n<\/div>\n<\/div>\n<\/div>\n<div class=\"row\" style=\"margin-bottom:15px\">\n<div class=\"col-md-6\">\n<div class=\"form-group\">\n<span class=\"wpcf7-form-control-wrap telefon\"><input type=\"tel\" name=\"telefon\" value=\"Telefon\" size=\"40\" class=\"wpcf7-form-control wpcf7-text wpcf7-tel wpcf7-validates-as-required wpcf7-validates-as-tel\" aria-required=\"true\" aria-invalid=\"false\" \/><\/span>\n<\/div>\n<\/div>\n<div class=\"col-md-6\">\n<div class=\"form-group\">\n<span class=\"wpcf7-form-control-wrap email-39\"><input type=\"email\" name=\"email-39\" value=\"E-Posta\" size=\"40\" class=\"wpcf7-form-control wpcf7-text wpcf7-email wpcf7-validates-as-required wpcf7-validates-as-email\" aria-required=\"true\" aria-invalid=\"false\" \/><\/span>\n<\/div>\n<\/div>\n<\/div>\n<div class=\"form-group\">\n<span class=\"wpcf7-form-control-wrap textarea-665\"><textarea name=\"textarea-665\" cols=\"40\" rows=\"10\" class=\"wpcf7-form-control wpcf7-textarea wpcf7-validates-as-required\" aria-required=\"true\" aria-invalid=\"false\">Ek Bilgiler<\/textarea><\/span>\n<\/div>\n<div class=\"form-group\">\n<i class=\"fa fa-file-text-o\" aria-hidden=\"true\"><\/i> Maksimum dosya boyutu 20MB <span class=\"wpcf7-form-control-wrap file-719\"><input type=\"file\" name=\"file-719\" size=\"40\" class=\"wpcf7-form-control wpcf7-file wpcf7-validates-as-required\" accept=\".pdf,.xls,.xlsx,.doc,.docx\" aria-required=\"true\" aria-invalid=\"false\" \/><\/span>\n<\/div>\n<div class=\"form-group\">\n<input type=\"submit\" value=\"Ba\u015fvur\">\n<\/div>\n<div class=\"wpcf7-response-output\" aria-hidden=\"true\"><\/div><\/form><\/div>[\/vc_column_inner][\/vc_row_inner][\/vc_column][\/vc_row]<\/p>\n","protected":false},"excerpt":{"rendered":"<p>[vc_row use_container=&#8221;yes&#8221; el_class=&#8221;career&#8221;][vc_column][ts_section_title index=&#8221;01&#8243; title=&#8221;kariyer&#8221; tagline=&#8221;\u015eirketimizdeki bo\u015f pozisyonlarda sizleri de\u011ferlendirebilmemiz i\u00e7in bizlere cv&#8217;nizi g\u00f6nderebilirsiniz.&#8221;][vc_row_inner][vc_column_inner][\/vc_column_inner][\/vc_row_inner][\/vc_column][\/vc_row]<\/p>\n","protected":false},"author":1,"featured_media":0,"parent":0,"menu_order":0,"comment_status":"closed","ping_status":"closed","template":"page-builder.php","meta":[],"_links":{"self":[{"href":"https:\/\/detayteknikyapi.com\/anasayfa\/wp-json\/wp\/v2\/pages\/202"}],"collection":[{"href":"https:\/\/detayteknikyapi.com\/anasayfa\/wp-json\/wp\/v2\/pages"}],"about":[{"href":"https:\/\/detayteknikyapi.com\/anasayfa\/wp-json\/wp\/v2\/types\/page"}],"author":[{"embeddable":true,"href":"https:\/\/detayteknikyapi.com\/anasayfa\/wp-json\/wp\/v2\/users\/1"}],"replies":[{"embeddable":true,"href":"https:\/\/detayteknikyapi.com\/anasayfa\/wp-json\/wp\/v2\/comments?post=202"}],"version-history":[{"count":3,"href":"https:\/\/detayteknikyapi.com\/anasayfa\/wp-json\/wp\/v2\/pages\/202\/revisions"}],"predecessor-version":[{"id":441,"href":"https:\/\/detayteknikyapi.com\/anasayfa\/wp-json\/wp\/v2\/pages\/202\/revisions\/441"}],"wp:attachment":[{"href":"https:\/\/detayteknikyapi.com\/anasayfa\/wp-json\/wp\/v2\/media?parent=202"}],"curies":[{"name":"wp","href":"https:\/\/api.w.org\/{rel}","templated":true}]}}