{"id":512,"date":"2021-04-07T09:24:59","date_gmt":"2021-04-07T09:24:59","guid":{"rendered":"https:\/\/detayteknikyapi.com\/anasayfa\/?page_id=512"},"modified":"2023-01-03T13:46:14","modified_gmt":"2023-01-03T13:46:14","slug":"devam-eden-projeler","status":"publish","type":"page","link":"https:\/\/detayteknikyapi.com\/anasayfa\/devam-eden-projeler\/","title":{"rendered":"Devam Eden Projeler"},"content":{"rendered":"<p>[vc_row use_container=&#8221;yes&#8221;][vc_column][vc_row_inner][vc_column_inner width=&#8221;1\/2&#8243; offset=&#8221;vc_col-md-3&#8243;][ts_press_release logo=&#8221;967&#8243; title=&#8221;AY I\u015eI\u011eI S\u0130TES\u0130&#8221; link=&#8221;&#8221; titleurl=&#8221;https:\/\/detayteknikyapi.com\/anasayfa\/solution\/ay\u0131\u015f\u0131\u011f\u0131sitesi\/&#8221;][\/vc_column_inner][vc_column_inner width=&#8221;1\/2&#8243; offset=&#8221;vc_col-md-3&#8243;][ts_press_release logo=&#8221;943&#8243; title=&#8221;S\u00fcleyman Y\u0131lmaz&#8221; link=&#8221;&#8221; titleurl=&#8221;https:\/\/detayteknikyapi.com\/anasayfa\/solution\/suleyman-yilmaz\/&#8221;][\/vc_column_inner][vc_column_inner width=&#8221;1\/2&#8243; offset=&#8221;vc_col-md-3&#8243;][ts_press_release logo=&#8221;937&#8243; title=&#8221;Sava\u015f Alagil&#8221; link=&#8221;&#8221; titleurl=&#8221;https:\/\/detayteknikyapi.com\/anasayfa\/solution\/savas-alagil\/&#8221; urlozel=&#8221;https:\/\/detayteknikyapi.com\/anasayfa\/press-releases\/&#8221;][\/vc_column_inner][vc_column_inner width=&#8221;1\/2&#8243; offset=&#8221;vc_col-md-3&#8243;][ts_press_release logo=&#8221;918&#8243; title=&#8221;Gnc yap\u0131&#8221; link=&#8221;&#8221; titleurl=&#8221;https:\/\/detayteknikyapi.com\/anasayfa\/solution\/gnc-yapi\/&#8221;][\/vc_column_inner][\/vc_row_inner][vc_row_inner][vc_column_inner width=&#8221;1\/2&#8243; offset=&#8221;vc_col-md-3&#8243;][ts_press_release logo=&#8221;922&#8243; title=&#8221;Hakan Hamdi Manici&#8221; link=&#8221;&#8221; titleurl=&#8221;https:\/\/detayteknikyapi.com\/anasayfa\/solution\/hakan-hamdi-manici\/&#8221;][\/vc_column_inner][vc_column_inner width=&#8221;1\/2&#8243; offset=&#8221;vc_col-md-3&#8243;][ts_press_release logo=&#8221;912&#8243; title=&#8221;Ferhat G\u00fcler&#8221; link=&#8221;&#8221; titleurl=&#8221;https:\/\/detayteknikyapi.com\/anasayfa\/solution\/ferhat-guler\/&#8221; urlozel=&#8221;https:\/\/detayteknikyapi.com\/anasayfa\/press-releases\/&#8221;][\/vc_column_inner][vc_column_inner width=&#8221;1\/2&#8243; offset=&#8221;vc_col-md-3&#8243;][ts_press_release logo=&#8221;507&#8243; title=&#8221;Laleg\u00fcl Sitesi&#8221; link=&#8221;&#8221; titleurl=&#8221;https:\/\/detayteknikyapi.com\/anasayfa\/solution\/startups-training\/&#8221;][\/vc_column_inner][vc_column_inner width=&#8221;1\/2&#8243; offset=&#8221;vc_col-md-3&#8243;][ts_press_release logo=&#8221;494&#8243; title=&#8221;DMarin G\u00fcne\u015f Sitesi&#8221; link=&#8221;&#8221; titleurl=&#8221;https:\/\/detayteknikyapi.com\/anasayfa\/solution\/dmarin-gunes-sitesi\/&#8221; urlozel=&#8221;https:\/\/detayteknikyapi.com\/anasayfa\/press-releases\/&#8221;][\/vc_column_inner][\/vc_row_inner][vc_row_inner][vc_column_inner width=&#8221;1\/2&#8243; offset=&#8221;vc_col-md-3&#8243;][ts_press_release logo=&#8221;928&#8243; title=&#8221;\u0130dris Toklar&#8221; link=&#8221;&#8221; titleurl=&#8221;https:\/\/detayteknikyapi.com\/anasayfa\/solution\/idris-toklar\/&#8221;][\/vc_column_inner][vc_column_inner width=&#8221;1\/2&#8243; offset=&#8221;vc_col-md-3&#8243;][ts_press_release logo=&#8221;904&#8243; title=&#8221;Binnur Kent Sitesi&#8221; link=&#8221;&#8221; titleurl=&#8221;https:\/\/detayteknikyapi.com\/anasayfa\/solution\/binnur-kent-sitesi\/&#8221;][\/vc_column_inner][vc_column_inner width=&#8221;1\/2&#8243; offset=&#8221;vc_col-md-3&#8243;][\/vc_column_inner][vc_column_inner width=&#8221;1\/2&#8243; offset=&#8221;vc_col-md-3&#8243;][\/vc_column_inner][\/vc_row_inner][\/vc_column][\/vc_row]<\/p>\n","protected":false},"excerpt":{"rendered":"<p>[vc_row use_container=&#8221;yes&#8221;][vc_column][vc_row_inner][vc_column_inner width=&#8221;1\/2&#8243; offset=&#8221;vc_col-md-3&#8243;][ts_press_release logo=&#8221;967&#8243; title=&#8221;AY I\u015eI\u011eI S\u0130TES\u0130&#8221; link=&#8221;&#8221; titleurl=&#8221;https:\/\/detayteknikyapi.com\/anasayfa\/solution\/ay\u0131\u015f\u0131\u011f\u0131sitesi\/&#8221;][\/vc_column_inner][vc_column_inner width=&#8221;1\/2&#8243; offset=&#8221;vc_col-md-3&#8243;][ts_press_release logo=&#8221;943&#8243; title=&#8221;S\u00fcleyman Y\u0131lmaz&#8221; link=&#8221;&#8221; titleurl=&#8221;https:\/\/detayteknikyapi.com\/anasayfa\/solution\/suleyman-yilmaz\/&#8221;][\/vc_column_inner][vc_column_inner width=&#8221;1\/2&#8243; offset=&#8221;vc_col-md-3&#8243;][ts_press_release logo=&#8221;937&#8243; title=&#8221;Sava\u015f Alagil&#8221; link=&#8221;&#8221; titleurl=&#8221;https:\/\/detayteknikyapi.com\/anasayfa\/solution\/savas-alagil\/&#8221; urlozel=&#8221;https:\/\/detayteknikyapi.com\/anasayfa\/press-releases\/&#8221;][\/vc_column_inner][vc_column_inner width=&#8221;1\/2&#8243; offset=&#8221;vc_col-md-3&#8243;][ts_press_release logo=&#8221;918&#8243; title=&#8221;Gnc yap\u0131&#8221; link=&#8221;&#8221; titleurl=&#8221;https:\/\/detayteknikyapi.com\/anasayfa\/solution\/gnc-yapi\/&#8221;][\/vc_column_inner][\/vc_row_inner][vc_row_inner][vc_column_inner width=&#8221;1\/2&#8243; offset=&#8221;vc_col-md-3&#8243;][ts_press_release logo=&#8221;922&#8243; title=&#8221;Hakan Hamdi Manici&#8221; link=&#8221;&#8221; titleurl=&#8221;https:\/\/detayteknikyapi.com\/anasayfa\/solution\/hakan-hamdi-manici\/&#8221;][\/vc_column_inner][vc_column_inner width=&#8221;1\/2&#8243; offset=&#8221;vc_col-md-3&#8243;][ts_press_release logo=&#8221;912&#8243; title=&#8221;Ferhat G\u00fcler&#8221; link=&#8221;&#8221; titleurl=&#8221;https:\/\/detayteknikyapi.com\/anasayfa\/solution\/ferhat-guler\/&#8221; urlozel=&#8221;https:\/\/detayteknikyapi.com\/anasayfa\/press-releases\/&#8221;][\/vc_column_inner][vc_column_inner width=&#8221;1\/2&#8243; offset=&#8221;vc_col-md-3&#8243;][ts_press_release logo=&#8221;507&#8243; title=&#8221;Laleg\u00fcl Sitesi&#8221; link=&#8221;&#8221; titleurl=&#8221;https:\/\/detayteknikyapi.com\/anasayfa\/solution\/startups-training\/&#8221;][\/vc_column_inner][vc_column_inner [&hellip;]<\/p>\n","protected":false},"author":1,"featured_media":0,"parent":0,"menu_order":0,"comment_status":"closed","ping_status":"closed","template":"page-builder.php","meta":[],"_links":{"self":[{"href":"https:\/\/detayteknikyapi.com\/anasayfa\/wp-json\/wp\/v2\/pages\/512"}],"collection":[{"href":"https:\/\/detayteknikyapi.com\/anasayfa\/wp-json\/wp\/v2\/pages"}],"about":[{"href":"https:\/\/detayteknikyapi.com\/anasayfa\/wp-json\/wp\/v2\/types\/page"}],"author":[{"embeddable":true,"href":"https:\/\/detayteknikyapi.com\/anasayfa\/wp-json\/wp\/v2\/users\/1"}],"replies":[{"embeddable":true,"href":"https:\/\/detayteknikyapi.com\/anasayfa\/wp-json\/wp\/v2\/comments?post=512"}],"version-history":[{"count":11,"href":"https:\/\/detayteknikyapi.com\/anasayfa\/wp-json\/wp\/v2\/pages\/512\/revisions"}],"predecessor-version":[{"id":949,"href":"https:\/\/detayteknikyapi.com\/anasayfa\/wp-json\/wp\/v2\/pages\/512\/revisions\/949"}],"wp:attachment":[{"href":"https:\/\/detayteknikyapi.com\/anasayfa\/wp-json\/wp\/v2\/media?parent=512"}],"curies":[{"name":"wp","href":"https:\/\/api.w.org\/{rel}","templated":true}]}}