{"id":528,"date":"2021-04-07T09:39:43","date_gmt":"2021-04-07T09:39:43","guid":{"rendered":"https:\/\/detayteknikyapi.com\/anasayfa\/?page_id=528"},"modified":"2021-07-08T09:59:45","modified_gmt":"2021-07-08T09:59:45","slug":"mimarlik","status":"publish","type":"page","link":"https:\/\/detayteknikyapi.com\/anasayfa\/mimarlik\/","title":{"rendered":"Mimarl\u0131k"},"content":{"rendered":"<p>[vc_row use_container=&#8221;yes&#8221;][vc_column][ts_text_box]<\/p>\n<h1><strong>Mimarl\u0131k Hizmetleri<\/strong><\/h1>\n<p><strong>Mimarl\u0131k hizmetleri<\/strong>, yap\u0131lar\u0131n hatas\u0131z ve sorunsuz bir \u015fekilde in\u015fa edilmesinde \u00f6nemli paya sahiptir. Bir yap\u0131n\u0131n i\u00e7i ve d\u0131\u015f\u0131 ba\u015fta olmak \u00fczere b\u00fct\u00fcn b\u00f6l\u00fcmleri, bahsedilen hizmetlerin kapsam\u0131na girer. Yap\u0131lan \u00f6l\u00e7\u00fcmler ve fizibilite \u00e7al\u0131\u015fmalar\u0131n\u0131n sonu\u00e7lar\u0131 alan\u0131nda uzmanla\u015fm\u0131\u015f mimarlardan olu\u015fan bir ekip taraf\u0131ndan de\u011ferlendirilir. Nihayetinde buradan elde edilen verilere g\u00f6re projelendirme s\u00fcreci ger\u00e7ekle\u015fir.<\/p>\n<p>Geli\u015fen teknoloji ile \u00e7izilen projeler bilgisayarlara aktar\u0131l\u0131r ve projelerin 3 boyutlu hale incelenir. Bu a\u015famadan sonra ise m\u00fchendislik hizmetleri ile birlikte ortakla\u015fa bir \u00e7al\u0131\u015fma ger\u00e7ekle\u015ftirilir. \u0130lgili yap\u0131n\u0131n amac\u0131na uygun bir \u015fekilde verimlilik prensibine dayal\u0131 in\u015fas\u0131 s\u00fcrecine ge\u00e7ilir.<\/p>\n<p>Mimarl\u0131k Hizmetleri A\u015famalar\u0131<\/p>\n<p><strong>Mimarl\u0131k hizmetleri<\/strong>, kendi i\u00e7inde farkl\u0131 alanlara ayr\u0131lm\u0131\u015ft\u0131r. Bu alanlar; bina tasar\u0131m\u0131 ve i\u00e7 mekan tasar\u0131m\u0131 \u015feklinde s\u0131n\u0131fland\u0131r\u0131labilir. Hangi s\u0131n\u0131fta olursa olsun, verilecek hizmetler kendi i\u00e7inde baz\u0131 a\u015famalardan olu\u015fur. S\u00f6z konusu a\u015famalar ve bunlara ili\u015fkin detaylar a\u015fa\u011f\u0131da yer almaktad\u0131r.<\/p>\n<h3>\u00b7\u00a0\u00a0\u00a0\u00a0\u00a0\u00a0\u00a0\u00a0 <strong>\u00d6n Haz\u0131rl\u0131klar<\/strong><\/h3>\n<p>\u00d6n haz\u0131rl\u0131klar; tasar\u0131m s\u00fcrecine ba\u015flamadan \u00f6nce s\u00fcreci etkileyecek b\u00fct\u00fcn unsurlar\u0131n ele al\u0131nd\u0131\u011f\u0131 s\u00fcre\u00e7 olarak ifade edilebilir. Her ne kadar basit bir a\u015fama olarak g\u00f6r\u00fclse de, ilgili hizmetlerin ilk ad\u0131m\u0131d\u0131r ve olduk\u00e7a \u00f6nemlidir. Haz\u0131rl\u0131klar\u0131n yap\u0131lmas\u0131 s\u00fcrecindeki hatalar, b\u00fct\u00fcn s\u00fcreci olumsuz etkiler ve beklentilerin kar\u015f\u0131lanmas\u0131 m\u00fcmk\u00fcn olmaz. Bu a\u015famada projeye dair beklentiler ve ihtiya\u00e7lardan ba\u015flanarak detayl\u0131 bir \u00f6n \u00e7al\u0131\u015fma yap\u0131l\u0131r.<\/p>\n<h3>\u00b7\u00a0\u00a0\u00a0\u00a0\u00a0\u00a0\u00a0\u00a0 <strong>Beyin F\u0131rt\u0131nas\u0131<\/strong><\/h3>\n<p>Mimarl\u0131k, bir fikir mesle\u011fidir. <strong>Mimarl\u0131k hizmetleri <\/strong>de tam olarak bu prensibe g\u00f6re \u015fekillenir. \u00d6n haz\u0131rl\u0131\u011f\u0131n ard\u0131ndan beklenti ve ihtiya\u00e7lara cevap verecek projeye dair bir beyin f\u0131rt\u0131nas\u0131 yap\u0131l\u0131r. Ortaya \u00e7\u0131kacak projenin \u00f6zg\u00fcn, verimli, \u015f\u0131k ve modern tarzda olmas\u0131 sa\u011flan\u0131r. Bahsedilen a\u015fama son derece \u00f6nemlidir ve bu alanda tecr\u00fcbeli mimarlar taraf\u0131ndan y\u00fcr\u00fct\u00fclmelidir.<\/p>\n<h3>\u00b7\u00a0\u00a0\u00a0\u00a0\u00a0\u00a0\u00a0\u00a0 <strong>Projelendirme S\u00fcreci<\/strong><\/h3>\n<p>Mimarl\u0131k hizmetlerinin sonuca giden ad\u0131mlardan birisi projelendirme s\u00fcrecidir. Haz\u0131rl\u0131klar yap\u0131lmas\u0131 ve bunun ard\u0131ndan beyin f\u0131rt\u0131nas\u0131n\u0131n ger\u00e7ekle\u015ftirilmesi ile haz\u0131rlanacak proje konusunda baz\u0131 fikirler olu\u015facakt\u0131r.<\/p>\n<p>\u0130htiya\u00e7lara uygun bir proje \u00e7izilir. S\u00f6z konusu s\u00fcre\u00e7te ilk \u00e7izilen tasar\u0131mlar, ihtiya\u00e7lar ve beklentiler dikkate al\u0131narak bir\u00e7ok kez de\u011fi\u015ftirilir. Bu noktada \u00e7evre ve iklim de dikkate al\u0131n\u0131r. Binan\u0131n kullan\u0131m amac\u0131na ba\u011fl\u0131 olarak gerekli d\u00fczenlemeler yap\u0131l\u0131r. Bahsedilen i\u015flem i\u00e7in projede g\u00f6rev alan m\u00fchendislerle birlikte hareket edilir. B\u00f6ylece m\u00fchendislerin \u00e7al\u0131\u015fmalar\u0131 ile binan\u0131n genel yap\u0131s\u0131 aras\u0131nda uyumsuzluk olmamas\u0131 sa\u011flan\u0131r.<\/p>\n<h3>\u00b7\u00a0\u00a0\u00a0\u00a0\u00a0\u00a0\u00a0\u00a0 <strong>3D Tasar\u0131m<\/strong><\/h3>\n<p>\u00c7izilen proje ka\u011f\u0131t \u00fczerindedir. \u0130htiya\u00e7 ve beklentilere g\u00f6re gerekli d\u00fczenlemeler yap\u0131ld\u0131ktan ve projenin son haline karar verildikten sonra 3D tasar\u0131m a\u015famas\u0131na ge\u00e7ilir. Burada tasar\u0131m bilgisayar ortam\u0131na aktar\u0131l\u0131r ve 3 boyutlu g\u00f6r\u00fcnt\u00fcs\u00fc incelenir. B\u00f6ylece yap\u0131lan tasar\u0131m\u0131n beklenti ve ihtiya\u00e7lara ne kadar uygun oldu\u011fu bir kez daha de\u011ferlendirilir. <strong>Mimarl\u0131k hizmetleri<\/strong>, buradaki a\u015famada son defa t\u00fcm kontrolleri ve de\u011ferlendirmeleri yapar. E\u011fer problemli olan b\u00f6l\u00fcmler varsa oralar d\u00fczeltilir ve bir sonraki a\u015famaya ge\u00e7ilir.<\/p>\n<h3>\u00b7\u00a0\u00a0\u00a0\u00a0\u00a0\u00a0\u00a0\u00a0 <strong>Sunum ve Onay<\/strong><\/h3>\n<p>Alan\u0131nda uzman mimarlar taraf\u0131ndan haz\u0131rlanan proje ilgili ki\u015filere sunulur ve b\u00fct\u00fcn detaylar\u0131 anlat\u0131l\u0131r. Bu a\u015famada e\u011fer farkl\u0131 istekler olursa veya proje be\u011fenilmezse gerekli de\u011fi\u015fiklikler yap\u0131l\u0131r. Projenin be\u011fenilmesi durumda ilgili birimler taraf\u0131ndan onaylan\u0131r ve projenin uygulanmas\u0131na ba\u015flan\u0131l\u0131r.<\/p>\n<p>Burada bahsedilen a\u015famalar genel olarak bu \u015fekildedir. Bazen s\u00fcre\u00e7 daha detayl\u0131 anlat\u0131labilir veya farkl\u0131 \u015fekilde isimlendirmeler yap\u0131labilir.<\/p>\n<p><strong>Mimarl\u0131k hizmetleri<\/strong>, projenin hayata ge\u00e7irilmesinden sonraki s\u00fcre\u00e7te de devam edebilir. Bu noktada verilecek dan\u0131\u015fmanl\u0131k hizmeti ile yap\u0131lar\u0131n analizi ve kontrol\u00fcne ili\u015fkin y\u00f6nlendirmeler yap\u0131l\u0131r. B\u00f6ylece sonraki d\u00f6nemlerde de yap\u0131n\u0131n genel durumu korunur veya daha da iyile\u015ftirilir.<\/p>\n<p>Alan\u0131nda uzman olan mimarlar\u0131m\u0131z taraf\u0131ndan vermi\u015f oldu\u011fumuz <strong>mimarl\u0131k hizmetleri<\/strong>, daha verimli ve performans\u0131 y\u00fcksek yap\u0131lara sahip olman\u0131z\u0131 sa\u011flar. Bunun yan\u0131nda estetik a\u00e7\u0131dan sizi fazlas\u0131yla tatmin edecek sonu\u00e7lar ortaya \u00e7\u0131kar.[\/ts_text_box][\/vc_column][\/vc_row]<\/p>\n","protected":false},"excerpt":{"rendered":"<p>[vc_row use_container=&#8221;yes&#8221;][vc_column][ts_text_box] Mimarl\u0131k Hizmetleri Mimarl\u0131k hizmetleri, yap\u0131lar\u0131n hatas\u0131z ve sorunsuz bir \u015fekilde in\u015fa edilmesinde \u00f6nemli paya sahiptir. Bir yap\u0131n\u0131n i\u00e7i ve d\u0131\u015f\u0131 ba\u015fta olmak \u00fczere b\u00fct\u00fcn b\u00f6l\u00fcmleri, bahsedilen hizmetlerin kapsam\u0131na girer. Yap\u0131lan \u00f6l\u00e7\u00fcmler ve fizibilite \u00e7al\u0131\u015fmalar\u0131n\u0131n sonu\u00e7lar\u0131 alan\u0131nda uzmanla\u015fm\u0131\u015f mimarlardan olu\u015fan bir ekip taraf\u0131ndan de\u011ferlendirilir. Nihayetinde buradan elde edilen verilere g\u00f6re projelendirme s\u00fcreci ger\u00e7ekle\u015fir. Geli\u015fen [&hellip;]<\/p>\n","protected":false},"author":1,"featured_media":0,"parent":0,"menu_order":0,"comment_status":"closed","ping_status":"closed","template":"page-builder.php","meta":[],"_links":{"self":[{"href":"https:\/\/detayteknikyapi.com\/anasayfa\/wp-json\/wp\/v2\/pages\/528"}],"collection":[{"href":"https:\/\/detayteknikyapi.com\/anasayfa\/wp-json\/wp\/v2\/pages"}],"about":[{"href":"https:\/\/detayteknikyapi.com\/anasayfa\/wp-json\/wp\/v2\/types\/page"}],"author":[{"embeddable":true,"href":"https:\/\/detayteknikyapi.com\/anasayfa\/wp-json\/wp\/v2\/users\/1"}],"replies":[{"embeddable":true,"href":"https:\/\/detayteknikyapi.com\/anasayfa\/wp-json\/wp\/v2\/comments?post=528"}],"version-history":[{"count":6,"href":"https:\/\/detayteknikyapi.com\/anasayfa\/wp-json\/wp\/v2\/pages\/528\/revisions"}],"predecessor-version":[{"id":815,"href":"https:\/\/detayteknikyapi.com\/anasayfa\/wp-json\/wp\/v2\/pages\/528\/revisions\/815"}],"wp:attachment":[{"href":"https:\/\/detayteknikyapi.com\/anasayfa\/wp-json\/wp\/v2\/media?parent=528"}],"curies":[{"name":"wp","href":"https:\/\/api.w.org\/{rel}","templated":true}]}}