{"id":537,"date":"2021-04-07T09:43:27","date_gmt":"2021-04-07T09:43:27","guid":{"rendered":"https:\/\/detayteknikyapi.com\/anasayfa\/?page_id=537"},"modified":"2021-07-08T10:01:15","modified_gmt":"2021-07-08T10:01:15","slug":"yapi-denetim","status":"publish","type":"page","link":"https:\/\/detayteknikyapi.com\/anasayfa\/yapi-denetim\/","title":{"rendered":"Yap\u0131 Denetim"},"content":{"rendered":"<p>[vc_row use_container=&#8221;yes&#8221;][vc_column][ts_text_box]Yap\u0131 Denetimi, 10\/04\/2000 Tarih ve 24016 Say\u0131l\u0131 Resmi Gazetede yay\u0131mlanan Yap\u0131 Denetimi Hakk\u0131ndaki Kanun H\u00fckm\u00fcndeki Kararname ile ba\u015flat\u0131lm\u0131\u015f ve bu kararnamenin yerine hazirlanarak 13\/07\/2001 Tarih ve 24461 Say\u0131l\u0131 resmi gazetede yay\u0131nlanm\u0131\u015f bulunan 4708 Say\u0131l\u0131 Yap\u0131 Denetimi Hakk\u0131ndaki Kanun ile devam ettirilen, can ve mal g\u00fcvenli\u011fini teminen imar plan\u0131na, fen, sanat ve sa\u011fl\u0131k kurallar\u0131na, standartlara uygun, kaliteli yap\u0131 yap\u0131lmas\u0131 i\u00e7in proje ve yap\u0131 denetiminin sa\u011flanmas\u0131 suretiyle \u00e7al\u0131\u015fan bir sistemdir.<\/p>\n<p>Bu kanun; belediye ve m\u00fccavir alan s\u0131n\u0131rlar\u0131 i\u00e7inde ve d\u0131\u015f\u0131nda kalan yerlerde yap\u0131lacak yap\u0131lar\u0131n zorunlu olarak denetimini kapsamaktad\u0131r.<\/p>\n<p>Yap\u0131 denetim hizmetleri, 4708 Say\u0131l\u0131 Kanun gere\u011fince kurularak Bay\u0131nd\u0131rl\u0131k ve \u0130skan Bakanl\u0131\u011f\u0131ndan Yap\u0131 Denetimi \u0130zin Belgesi alm\u0131\u015f t\u00fczel ki\u015fili\u011fe sahip yap\u0131 denetim kurulu\u015flar\u0131 taraf\u0131ndan y\u00fcr\u00fct\u00fclmektedir.<\/p>\n<p>Yap\u0131 Denetim Kurulu\u015fumuz proje denetimi a\u015famas\u0131nda;<\/p>\n<p>\u2013 Proje m\u00fcelliflerince haz\u0131rlanan projelerin, Bakanl\u0131k\u00e7a haz\u0131rlanan M\u00fchendislik ve Mimarl\u0131k Proje D\u00fczenleme Esaslar\u0131, imar plan\u0131, ilgili idarenin imar y\u00f6netmelikleri ile di\u011fer y\u00f6netmelik, \u015fartname ve standartlara uygunlu\u011funu,<\/p>\n<p>\u2013 Haz\u0131rlanan mimari, statik, mekanik ve elektrik uygulama projelerinin ve hesaplar\u0131n\u0131n ilgili mevzuata uygunlu\u011funu,<\/p>\n<p>\u2013 Zemin i\u00e7in bir jeoteknik rapor olup olmad\u0131\u011f\u0131n\u0131 ve temel sisteminin bu rapora uygunlu\u011funu,<\/p>\n<p>\u2013 Ta\u015f\u0131y\u0131c\u0131 sistemin \u00f6ncelikle Afet B\u00f6lgelerinde Yap\u0131lacak Yap\u0131lar Hakk\u0131ndaki Y\u00f6netmelik ile TS 500 ve y\u00fcr\u00fcrl\u00fckteki standart, \u015fartname ve esaslara g\u00f6re projelendirildi\u011fini,<\/p>\n<p>\u2013 Haz\u0131rlanan uygulama projelerinin Binalarda Is\u0131 Yal\u0131t\u0131m Y\u00f6netmeli\u011fi\u2019ne uygunlu\u011funu,<\/p>\n<p>kontrol eder. Bu rapor ve projelerde tespit edilen eksiklik ve yetersizlikler varsa giderilmesini sa\u011flar. \u0130ncelenen projeler uygun g\u00f6r\u00fclmesi halinde ilgili denet\u00e7i mimar ve m\u00fchendislerimiz taraf\u0131ndan imzalan\u0131r. B\u00f6ylece yap\u0131 ruhsat\u0131 al\u0131nmas\u0131 sa\u011flan\u0131r.<\/p>\n<p>Yap\u0131 Denetim Kurulu\u015fumuz in\u015faat a\u015famas\u0131nda;<\/p>\n<p>\u2013 Yap\u0131n\u0131n ta\u015f\u0131y\u0131c\u0131 sistemindeki beton, beton \u00e7elik \u00e7ubuk, duvar elemanlar\u0131 vb. malzeme ve imalat\u0131n, standart ve \u015fartnamelere g\u00f6re Bakanl\u0131ktan izinli laboratuarlarda muayene ve deneylerini yapt\u0131rarak raporlar\u0131n\u0131 ilgili idareye verir. (Laboratuar deney bedelleri firmam\u0131za aittir)<\/p>\n<p>\u2013 Beton kal\u0131b\u0131 ve demir te\u00e7hizat\u0131n\u0131 projelere g\u00f6re kontrol eder, tutanak d\u00fczenledikten sonra beton d\u00f6k\u00fcm\u00fcne izin verir. (Beton kontrol m\u00fchendislerimizin g\u00f6zetiminde d\u00f6k\u00fcl\u00fcr. Beton n\u00fcmuneleri, d\u00f6k\u00fcm yerinde kontrol m\u00fchendislerimiz nezaretinde deneyi yapacak laboratuar teknik elemanlar\u0131nca al\u0131n\u0131r, al\u0131nan n\u00fcmuneler belirlenen laboratuara, bu laboratuar teknik eleman\u0131 taraf\u0131ndan g\u00f6t\u00fcr\u00fcl\u00fcr) Beton d\u00f6k\u00fcm\u00fcn\u00fc m\u00fcteakip tekrar tutanak d\u00fczenler. Bu tutanaklar\u0131 ve deney raporlar\u0131n\u0131 ilgili idareye verir.<\/p>\n<p>\u2013 Yap\u0131n\u0131n tamamlanmas\u0131 i\u00e7in geriye kalan t\u00fcm in\u015faat, mekanik ve elektrik tesisat\u0131 imalatlar\u0131n\u0131, proje ve \u015fartnamelere uygun olarak yap\u0131lmas\u0131 i\u00e7in denet\u00e7i mimar ve m\u00fchendisleri ile devaml\u0131 kontrol eder.<\/p>\n<p>\u2013 Yap\u0131 sahibi, m\u00fcteahhit, proje m\u00fcellifleri, gerekirse tedarik\u00e7iler aras\u0131nda, g\u00fcndemi ve kat\u0131l\u0131mc\u0131lar\u0131 belirleyerek \u015fantiye toplant\u0131lar\u0131 organize eder, al\u0131nan kararlar\u0131 toplant\u0131 tutana\u011f\u0131nda kay\u0131t alt\u0131na al\u0131r ve takibini yapar. \u015eantiyede G\u00fcnl\u00fck Faaliyet Raporu d\u00fczenler, Haftal\u0131k ve Ayl\u0131k \u0130\u015f \u0130lerleme Raporlar\u0131 vererek yap\u0131 sahibini i\u015f pro\u011fram\u0131 a\u00e7\u0131s\u0131ndan bilgilendirir.<\/p>\n<p>\u2013 Yap\u0131n\u0131n ruhsat ve eklerine uygun olarak k\u0131smen veya tamamen bitirildi\u011fini belirten ve denet\u00e7i mimar ve m\u00fchendislerimiz taraf\u0131ndan imzalanan \u0130\u015f Bitim Raporunu ilgili idareye verir.<\/p>\n<p>B\u00f6ylece ilgili idarenin yap\u0131 sahibine Yap\u0131 Kullanma \u0130zni vermesi sa\u011flanm\u0131\u015f olur.[\/ts_text_box][\/vc_column][\/vc_row]<\/p>\n","protected":false},"excerpt":{"rendered":"<p>[vc_row use_container=&#8221;yes&#8221;][vc_column][ts_text_box]Yap\u0131 Denetimi, 10\/04\/2000 Tarih ve 24016 Say\u0131l\u0131 Resmi Gazetede yay\u0131mlanan Yap\u0131 Denetimi Hakk\u0131ndaki Kanun H\u00fckm\u00fcndeki Kararname ile ba\u015flat\u0131lm\u0131\u015f ve bu kararnamenin yerine hazirlanarak 13\/07\/2001 Tarih ve 24461 Say\u0131l\u0131 resmi gazetede yay\u0131nlanm\u0131\u015f bulunan 4708 Say\u0131l\u0131 Yap\u0131 Denetimi Hakk\u0131ndaki Kanun ile devam ettirilen, can ve mal g\u00fcvenli\u011fini teminen imar plan\u0131na, fen, sanat ve sa\u011fl\u0131k kurallar\u0131na, standartlara [&hellip;]<\/p>\n","protected":false},"author":1,"featured_media":0,"parent":0,"menu_order":0,"comment_status":"closed","ping_status":"closed","template":"page-builder.php","meta":[],"_links":{"self":[{"href":"https:\/\/detayteknikyapi.com\/anasayfa\/wp-json\/wp\/v2\/pages\/537"}],"collection":[{"href":"https:\/\/detayteknikyapi.com\/anasayfa\/wp-json\/wp\/v2\/pages"}],"about":[{"href":"https:\/\/detayteknikyapi.com\/anasayfa\/wp-json\/wp\/v2\/types\/page"}],"author":[{"embeddable":true,"href":"https:\/\/detayteknikyapi.com\/anasayfa\/wp-json\/wp\/v2\/users\/1"}],"replies":[{"embeddable":true,"href":"https:\/\/detayteknikyapi.com\/anasayfa\/wp-json\/wp\/v2\/comments?post=537"}],"version-history":[{"count":2,"href":"https:\/\/detayteknikyapi.com\/anasayfa\/wp-json\/wp\/v2\/pages\/537\/revisions"}],"predecessor-version":[{"id":542,"href":"https:\/\/detayteknikyapi.com\/anasayfa\/wp-json\/wp\/v2\/pages\/537\/revisions\/542"}],"wp:attachment":[{"href":"https:\/\/detayteknikyapi.com\/anasayfa\/wp-json\/wp\/v2\/media?parent=537"}],"curies":[{"name":"wp","href":"https:\/\/api.w.org\/{rel}","templated":true}]}}