{"id":539,"date":"2021-04-07T09:43:51","date_gmt":"2021-04-07T09:43:51","guid":{"rendered":"https:\/\/detayteknikyapi.com\/anasayfa\/?page_id=539"},"modified":"2021-07-08T09:59:05","modified_gmt":"2021-07-08T09:59:05","slug":"muhendislik","status":"publish","type":"page","link":"https:\/\/detayteknikyapi.com\/anasayfa\/muhendislik\/","title":{"rendered":"M\u00fchendislik"},"content":{"rendered":"<p>[vc_row use_container=&#8221;yes&#8221;][vc_column][ts_text_box]<\/p>\n<h1><strong>M\u00fchendislik Hizmetleri<\/strong><\/h1>\n<p><strong>M\u00fchendislik hizmetleri<\/strong>; giderlerin azalt\u0131lmas\u0131, verimlili\u011fin artt\u0131r\u0131lmas\u0131 ve performans\u0131n \u00f6n\u00fcndeki engellerin kald\u0131r\u0131lmas\u0131 i\u00e7in verilen hizmetler b\u00fct\u00fcn\u00fcd\u00fcr. D\u00fcnyan\u0131n en eski mesleklerinden birisi olan m\u00fchendislik, birden fazla alan\u0131n birbirine entegre olmas\u0131n\u0131 sa\u011flar. Elektrik, statik ve mekanik gibi farkl\u0131 alanlar\u0131n sorunsuz bir \u015fekilde \u00e7al\u0131\u015fmas\u0131 ve bunlar\u0131n birbirleriyle olan ili\u015fkileri, m\u00fchendisli\u011fin hizmet alanlar\u0131ndand\u0131r.<\/p>\n<h2><strong>M\u00fchendislik Hizmetleri Nelerdir?<\/strong><\/h2>\n<p>M\u00fchendisli\u011fin kapsam\u0131na giren alanlar olduk\u00e7a fazlad\u0131r. Bir yap\u0131y\u0131 meydana getiren b\u00fct\u00fcn sistemlerin \u00e7al\u0131\u015fmas\u0131 ve birbirleri ile uyumu, m\u00fchendislik hizmetlerinin temel alan\u0131 olarak ifade edilebilir. Burada bahsedilen hizmetler sayesinde yap\u0131lar daha sorunsuz ve verimli bir \u015fekilde i\u015flevlerini yerine getirecektir. Buna ba\u011fl\u0131 olarak \u015firket ve i\u015fletmeler, kendi hedeflerine ula\u015fma konusunda \u00f6nemli bir avantaj sa\u011flayacakt\u0131r.<\/p>\n<p><strong>M\u00fchendislik hizmetleri<\/strong> kapsam\u0131 her ne kadar geni\u015f olsa da, genel olarak s\u00f6z konusu hizmetler \u015fu ba\u015fl\u0131klar alt\u0131nda toplanabilir:<\/p>\n<h3>\u00b7\u00a0\u00a0\u00a0\u00a0\u00a0\u00a0\u00a0\u00a0 <strong>Mekanik Tesisat<\/strong><\/h3>\n<p>Yap\u0131larda bulunan b\u00fct\u00fcn mekanik tesisat\u0131n projelendirilmesi ve bunlar\u0131n kurulumlar\u0131n\u0131n sa\u011flanmas\u0131d\u0131r. Havaland\u0131rma, yang\u0131n s\u00f6nd\u00fcrme, \u0131s\u0131tma ve so\u011futma sistemleri, gaz sistemleri ve bas\u0131n\u00e7l\u0131 hava sistemleri bu kapsam i\u00e7indedir. \u0130nsan v\u00fccudundaki damarlar\u0131n kan\u0131 dokulara iletmesi gibi mekanik tesisat da yap\u0131lar\u0131 bu \u015fekilde sarar. B\u00f6ylece ihtiya\u00e7lar etkili bir \u015fekilde kar\u015f\u0131lan\u0131r.<\/p>\n<h3>\u00b7\u00a0\u00a0\u00a0\u00a0\u00a0\u00a0\u00a0\u00a0 <strong>Statik Projesi<\/strong><\/h3>\n<p>Statik, yap\u0131lar\u0131n ayakta durmas\u0131n\u0131 sa\u011flayan ve buna ili\u015fkin geni\u015f analizleri yapan bir fizik dal\u0131d\u0131r. <strong>M\u00fchendislik hizmetleri<\/strong> i\u00e7erisinde yer alan statik ise yap\u0131lar\u0131n iskeletini olu\u015fturan bir alan olarak ifade edilebilir. Bu y\u00f6n\u00fcyle adeta yap\u0131lar\u0131n in\u015fa s\u00fcre\u00e7lerinin temeli kabul edilebilir. Fizik, matematik ve geometri alan\u0131nda uzmanlardan olu\u015fan bir ekip ile bu projeler \u00e7izilir ve hayata ge\u00e7irilir.<\/p>\n<h3>\u00b7\u00a0\u00a0\u00a0\u00a0\u00a0\u00a0\u00a0\u00a0 <strong>Elektrik Sistemleri<\/strong><\/h3>\n<p>Binalardaki ayd\u0131nlatma, otomasyon, telefon ve benzeri sistemlerin projelendirilmesine ili\u015fkin verilen hizmetlerdir. G\u00fcn\u00fcm\u00fczde elektrik sistemlerinin \u00f6nemi \u00e7ok fazlad\u0131r. Geli\u015fen teknolojinin sa\u011flad\u0131\u011f\u0131 imkanlardan yararlanabilmek i\u00e7in bu sistemlerin uygun \u015fekilde projelendirilmesi gerekir.<\/p>\n<p>Burada bahsedilen sistem ve projelerin haricinde m\u00fchendisli\u011fin benzer alanlar\u0131 da kapsad\u0131\u011f\u0131 unutulmamal\u0131d\u0131r.<\/p>\n<h2><strong>\u00c7a\u011f\u0131n Gerekliliklerine Uygun M\u00fchendislik Hizmetleri<\/strong><\/h2>\n<p>Burada belirtilen hizmetler, alan\u0131nda uzmanla\u015fm\u0131\u015f ki\u015filerden olu\u015fan bir kadro ile sunulur. Gerekli yetkilendirme belgesine sahip olan firmam\u0131z taraf\u0131ndan sa\u011flanan hizmetler, her zaman teknik verilere uygun olacak \u015fekilde verilir. <strong>M\u00fchendislik hizmetleri<\/strong>, tamamen bilime dayanan hizmetler olup, tahmin veya \u00f6ng\u00f6r\u00fcy\u00fc i\u00e7ermez. Verilen hizmetlerin genel \u00f6zellikleri \u015fu \u015fekilde s\u0131ralanabilir:<\/p>\n<h3>\u00b7\u00a0\u00a0\u00a0\u00a0\u00a0\u00a0\u00a0\u00a0 <strong>Teknik Verilere Dayal\u0131 Olma<\/strong><\/h3>\n<p>Verilecek hizmetten \u00f6nce ilgili alanda detayl\u0131 bir teknik inceleme yap\u0131l\u0131r. Ger\u00e7ekle\u015ftirilen fizibilite \u00e7al\u0131\u015fmas\u0131n\u0131n ard\u0131ndan istenen sistemler projelendirilir ve bunlar\u0131n avantajlar\u0131 ile dezavantajlar\u0131 a\u00e7\u0131k bir \u015fekilde raporland\u0131r\u0131l\u0131r. Toplanan bu teknik verilere g\u00f6re di\u011fer i\u015flemler ger\u00e7ekle\u015ftirilir. Sizlere verdi\u011fimiz m\u00fchendislik hizmetlerinin herhangi bir s\u00fcrprize neden olmayaca\u011f\u0131n\u0131 garanti ederiz. Hizmetlerimiz tamamen teknik verilere dayal\u0131d\u0131r ve hizmetten \u00f6nce bu konuda sizlere detayl\u0131 bilgilendirme yap\u0131l\u0131r.<\/p>\n<h3>\u00b7\u00a0\u00a0\u00a0\u00a0\u00a0\u00a0\u00a0\u00a0 <strong>Verimlilik ve Performans<\/strong><\/h3>\n<p>Verilen hizmetler ile verimlili\u011fin ve performans\u0131 artt\u0131r\u0131lmas\u0131 hedeflenir. Bunun i\u00e7in yenilenebilir enerji se\u00e7enekleri, maliyet ve sa\u011flanacak fayda analizi, maliyet analizi gibi i\u015flemler yap\u0131l\u0131r. \u0130lgili yap\u0131daki enerjinin nas\u0131l daha verimli kullan\u0131laca\u011f\u0131na dair \u00e7\u00f6z\u00fcmler \u00fcretilir.<\/p>\n<h3>\u00b7\u00a0\u00a0\u00a0\u00a0\u00a0\u00a0\u00a0\u00a0 <strong>Operasyonel M\u00fckemmellik<\/strong><\/h3>\n<p>G\u00fcn\u00fcm\u00fczde teknolojide ya\u015fanan de\u011fi\u015fimin son derece h\u0131zl\u0131 oldu\u011fu a\u00e7\u0131kt\u0131r. \u015eirket ve i\u015fletmelerin varl\u0131klar\u0131n\u0131 devam ettirmek i\u00e7in bu de\u011fi\u015fime ayak uydurmas\u0131 gerekir. Verilen <strong>m\u00fchendislik hizmetleri<\/strong> ile \u015firket ve i\u015fletmelerin bu alandaki de\u011fi\u015fimi y\u00f6nlendirilir. B\u00f6ylece de\u011fi\u015fimin do\u011fru ve k\u0131sa s\u00fcrede ger\u00e7ekle\u015fmesi sa\u011flan\u0131r.<\/p>\n<h3>\u00b7\u00a0\u00a0\u00a0\u00a0\u00a0\u00a0\u00a0\u00a0 <strong>\u0130klim ve Devaml\u0131l\u0131k<\/strong><\/h3>\n<p>Projelendirme s\u00fcrecinde iklim ve \u00e7evrenin dikkate al\u0131nmamas\u0131, projenin k\u0131sa \u00f6m\u00fcrl\u00fc olmas\u0131na neden olabilir. Verilen hizmetlerden \u00f6nce \u00e7evre ve iklim de\u011ferlendirilir. Proje ile bunlar\u0131n ili\u015fkisine bak\u0131l\u0131r. Sosyal ve \u00e7evresel risk analizi, hava ve su kalitesi gibi de\u011ferlendirmeler, bu kapsamda yap\u0131l\u0131r.<\/p>\n<p><strong>M\u00fchendislik hizmetleri<\/strong> genel olarak bu \u015fekildedir ve olduk\u00e7a kapsaml\u0131d\u0131r. S\u00f6z konusu hizmetler s\u00fcrekli geli\u015fmekte ve daha etkili hale gelmektedir.[\/ts_text_box][\/vc_column][\/vc_row]<\/p>\n","protected":false},"excerpt":{"rendered":"<p>[vc_row use_container=&#8221;yes&#8221;][vc_column][ts_text_box] M\u00fchendislik Hizmetleri M\u00fchendislik hizmetleri; giderlerin azalt\u0131lmas\u0131, verimlili\u011fin artt\u0131r\u0131lmas\u0131 ve performans\u0131n \u00f6n\u00fcndeki engellerin kald\u0131r\u0131lmas\u0131 i\u00e7in verilen hizmetler b\u00fct\u00fcn\u00fcd\u00fcr. D\u00fcnyan\u0131n en eski mesleklerinden birisi olan m\u00fchendislik, birden fazla alan\u0131n birbirine entegre olmas\u0131n\u0131 sa\u011flar. Elektrik, statik ve mekanik gibi farkl\u0131 alanlar\u0131n sorunsuz bir \u015fekilde \u00e7al\u0131\u015fmas\u0131 ve bunlar\u0131n birbirleriyle olan ili\u015fkileri, m\u00fchendisli\u011fin hizmet alanlar\u0131ndand\u0131r. M\u00fchendislik Hizmetleri Nelerdir? [&hellip;]<\/p>\n","protected":false},"author":1,"featured_media":0,"parent":0,"menu_order":0,"comment_status":"closed","ping_status":"closed","template":"page-builder.php","meta":[],"_links":{"self":[{"href":"https:\/\/detayteknikyapi.com\/anasayfa\/wp-json\/wp\/v2\/pages\/539"}],"collection":[{"href":"https:\/\/detayteknikyapi.com\/anasayfa\/wp-json\/wp\/v2\/pages"}],"about":[{"href":"https:\/\/detayteknikyapi.com\/anasayfa\/wp-json\/wp\/v2\/types\/page"}],"author":[{"embeddable":true,"href":"https:\/\/detayteknikyapi.com\/anasayfa\/wp-json\/wp\/v2\/users\/1"}],"replies":[{"embeddable":true,"href":"https:\/\/detayteknikyapi.com\/anasayfa\/wp-json\/wp\/v2\/comments?post=539"}],"version-history":[{"count":5,"href":"https:\/\/detayteknikyapi.com\/anasayfa\/wp-json\/wp\/v2\/pages\/539\/revisions"}],"predecessor-version":[{"id":814,"href":"https:\/\/detayteknikyapi.com\/anasayfa\/wp-json\/wp\/v2\/pages\/539\/revisions\/814"}],"wp:attachment":[{"href":"https:\/\/detayteknikyapi.com\/anasayfa\/wp-json\/wp\/v2\/media?parent=539"}],"curies":[{"name":"wp","href":"https:\/\/api.w.org\/{rel}","templated":true}]}}