{"id":549,"date":"2021-04-07T10:01:07","date_gmt":"2021-04-07T10:01:07","guid":{"rendered":"https:\/\/detayteknikyapi.com\/anasayfa\/?page_id=549"},"modified":"2021-04-07T10:01:58","modified_gmt":"2021-04-07T10:01:58","slug":"kvkk-politikasi","status":"publish","type":"page","link":"https:\/\/detayteknikyapi.com\/anasayfa\/kvkk-politikasi\/","title":{"rendered":"KVKK Politikas\u0131"},"content":{"rendered":"\r\n<div id=\"sc_content_898228754\" class=\"sc_content sc_content_default sc_float_center p70\">\r\n<div class=\"sc_content_container\">\r\n<div class=\"wpb_text_column wpb_content_element \">\r\n<div class=\"wpb_wrapper\">\r\n<h3>Ki\u015fisel Veriler Kanunu hakk\u0131nda genel bilgilendirme<\/h3>\r\n<p>6698 Say\u0131l\u0131 Ki\u015fisel Verilerin Korunmas\u0131 Kanunu (bundan sonra KVKK olarak an\u0131lacakt\u0131r) 24 Mart 2016 tarihinde kabul edilmi\u015f, 7\u00a0Nisan 2016 tarihli 29677 say\u0131l\u0131 Resmi Gazete\u2019de yay\u0131nlanm\u0131\u015ft\u0131r. KVKK\u2019nun bir k\u0131sm\u0131 yay\u0131n tarihinde, bir k\u0131sm\u0131 ise 7 Ekim 2016\u2019da y\u00fcr\u00fcrl\u00fc\u011fe girmi\u015ftir.<\/p>\r\n<h3>Veri sorumlusu s\u0131fat\u0131yla bilgilendirme<\/h3>\r\n<p>6698 say\u0131l\u0131\u00a0KVKK uyar\u0131nca ve Veri Sorumlusu s\u0131fat\u0131yla, ki\u015fisel verileriniz bu sayfada a\u00e7\u0131kland\u0131\u011f\u0131 \u00e7er\u00e7evede; kaydedilecek, saklanacak, g\u00fcncellenecek, mevzuat\u0131n izin verdi\u011fi durumlarda 3. ki\u015filere a\u00e7\u0131klanabilecek \/ devredilebilecek, s\u0131n\u0131fland\u0131r\u0131labilecek ve KVKK\u2019da say\u0131lan \u015fekillerde i\u015flenebilecektir.<\/p>\r\n<h3>Ki\u015fisel verilerinizin ne \u015fekilde i\u015flenebilece\u011fi<\/h3>\r\n<p>6698 say\u0131l\u0131 KVKK uyar\u0131nca, Firmam\u0131z ile payla\u015ft\u0131\u011f\u0131n\u0131z ki\u015fisel verileriniz, tamamen veya k\u0131smen,\u00a0otomatik olarak, veyahut herhangi bir veri kay\u0131t sisteminin par\u00e7as\u0131 olmak kayd\u0131yla otomatik\u00a0olmayan yollarla elde edilerek, kaydedilerek, depolanarak, de\u011fi\u015ftirilerek, yeniden d\u00fczenlenerek, k\u0131sacas\u0131 veriler \u00fczerinde\u00a0ger\u00e7ekle\u015ftirilen her t\u00fcrl\u00fc i\u015fleme konu olarak taraf\u0131m\u0131zdan i\u015flenebilecektir. KVKK kapsam\u0131nda veriler \u00fczerinde ger\u00e7ekle\u015ftirilen her t\u00fcrl\u00fc i\u015flem \u201cki\u015fisel verilerin i\u015flenmesi\u201d olarak kabul edilmektedir.<\/p>\r\n<h3>Ki\u015fisel verilerinizin i\u015flenme ama\u00e7lar\u0131 ve hukuki sebepleri<\/h3>\r\n<p>Payla\u015ft\u0131\u011f\u0131n\u0131z ki\u015fisel veriler,<\/p>\r\n<ul>\r\n<li>M\u00fc\u015fterilerimize verdi\u011fimiz hizmetlerin gereklerini, s\u00f6zle\u015fmenin ve teknolojinin gereklerine uygun \u015fekilde\u00a0yapabilmek, sunulan \u00fcr\u00fcn ve hizmetlerimizi geli\u015ftirebilmek i\u00e7in;<\/li>\r\n<li>6563 say\u0131l\u0131 Elektronik Ticaretin D\u00fczenlenmesi Hakk\u0131nda Kanun, 6502 say\u0131l\u0131 T\u00fcketicinin Korunmas\u0131 Hakk\u0131nda Kanun ile bu d\u00fczenlemelere dayanak yap\u0131larak haz\u0131rlanan 26.08.2015 tarihli 29457 say\u0131l\u0131 RG\u2019de yay\u0131nlanan Elektronik Ticarette Hizmet Sa\u011flay\u0131c\u0131 ve Arac\u0131 Hizmet Sa\u011flay\u0131c\u0131lar Hakk\u0131nda Y\u00f6netmelik, 27.11.2014 tarihli ve 29188 say\u0131l\u0131 RG\u2019de yay\u0131nlanan Mesafeli S\u00f6zle\u015fmeler Y\u00f6netmeli\u011fi ve di\u011fer ilgili mevzuat kapsam\u0131nda i\u015flem sahibinin bilgilerini tespit i\u00e7in kimlik, adres ve di\u011fer gerekli bilgileri kaydetmek i\u00e7in;<\/li>\r\n<li>Bankac\u0131l\u0131k ve Elektronik \u00d6deme alan\u0131nda zorunlu olan \u00f6deme sistemleri, elektronik s\u00f6zle\u015fme veya ka\u011f\u0131t ortam\u0131nda i\u015fleme dayanak olacak t\u00fcm kay\u0131t ve belgeleri d\u00fczenlemek; mevzuat gere\u011fi ve di\u011fer otoritelerce \u00f6ng\u00f6r\u00fclen bilgi saklama, raporlama, bilgilendirme y\u00fck\u00fcml\u00fcl\u00fcklerine uymak i\u00e7in;<\/li>\r\n<li>Kamu g\u00fcvenli\u011fine ili\u015fkin hususlarda ve hukuki uyu\u015fmazl\u0131klarda, talep halinde ve mevzuat gere\u011fi savc\u0131l\u0131klara, mahkemelere ve ilgili kamu g\u00f6revlilerine bilgi verebilmek i\u00e7in;<\/li>\r\n<\/ul>\r\n<p>6698 say\u0131l\u0131 KVKK ve ilgili ikincil d\u00fczenlemelere uygun olarak i\u015flenecektir. Ki\u015fisel verilerinizin aktar\u0131labilece\u011fi \u00fc\u00e7\u00fcnc\u00fc ki\u015fi veya kurulu\u015flar hakk\u0131nda bilgilendirme Yukar\u0131da belirtilen ama\u00e7larla, Firmam\u0131z ile payla\u015ft\u0131\u011f\u0131n\u0131z ki\u015fisel verilerinizin aktar\u0131labilece\u011fi ki\u015fi \/ kurulu\u015flar; ba\u015fta Firmam\u0131z\u0131n e-ticaret altyap\u0131s\u0131n\u0131 sa\u011flayan \u0130ws olmak \u00fczere, tedarik\u00e7iler, kargo \u015firketleri gibi sunulan hizmetler ile ilgili ki\u015fi ve kurulu\u015flar, faaliyetlerimizi y\u00fcr\u00fctmek \u00fczere ve\/veya Veri \u0130\u015fleyen s\u0131fat\u0131 ile hizmet al\u0131nan, i\u015f birli\u011fi yapt\u0131\u011f\u0131m\u0131z program orta\u011f\u0131 kurulu\u015flar\u0131, yurti\u00e7i \/ yurtd\u0131\u015f\u0131 kurulu\u015flar ve di\u011fer 3. ki\u015filerdir.<\/p>\r\n<h3>Ki\u015fisel verilerinizin toplanma \u015fekli<\/h3>\r\n<p>Ki\u015fisel verileriniz,<\/p>\r\n<ul>\r\n<li>Firmam\u0131z internet sitesi ve mobil uygulamalar\u0131ndaki formlar arac\u0131l\u0131\u011f\u0131yla ad, soyad, TC kimlik numaras\u0131, adres, telefon, i\u015f veya \u00f6zel e-posta adresi gibi bilgiler ile; kullan\u0131c\u0131 ad\u0131 ve \u015fifresi kullan\u0131larak giri\u015f yap\u0131lan sayfalardaki tercihleri, ger\u00e7ekle\u015ftirilen i\u015flemlerin IP kay\u0131tlar\u0131, taray\u0131c\u0131 taraf\u0131ndan toplanan \u00e7erez verileri ile gezinme s\u00fcre ve detaylar\u0131n\u0131 i\u00e7eren veriler, konum verileri \u015feklinde;<\/li>\r\n<li>Sat\u0131\u015f ve pazarlama departman\u0131 \u00e7al\u0131\u015fanlar\u0131m\u0131z, \u015fubelerimiz, tedarik\u00e7ilerimiz, di\u011fer sat\u0131\u015f kanallar\u0131, ka\u011f\u0131t \u00fczerindeki formlar, kartvizitler, dijital pazarlama ve \u00e7a\u011fr\u0131 merkezi gibi kanallar\u0131m\u0131z arac\u0131l\u0131\u011f\u0131yla s\u00f6zl\u00fc, yaz\u0131l\u0131 veya elektronik ortamdan;<\/li>\r\n<li>Firmam\u0131z ile ticari ili\u015fki kurmak, i\u015f ba\u015fvurusu yapmak, teklif vermek gibi ama\u00e7larla, kartvizit, \u00f6zge\u00e7mi\u015f (cv), teklif vermek ve sair yollarla ki\u015fisel verilerini payla\u015fan ki\u015filerden al\u0131nan, fiziki veya sanal bir ortamda, y\u00fcz y\u00fcze ya da mesafeli, s\u00f6zl\u00fc veya yaz\u0131l\u0131 ya da elektronik ortamdan;<\/li>\r\n<li>Ayr\u0131ca farkl\u0131 kanallardan dolayl\u0131 yoldan elde edilen, web sitesi, blog, yar\u0131\u015fma, anket, oyun, kampanya ve benzeri ama\u00e7l\u0131 kullan\u0131lan (mikro) web sitelerinden ve sosyal medyadan elde edilen veriler, e-b\u00fclten okuma veya t\u0131klama hareketleri, kamuya a\u00e7\u0131k veri tabanlar\u0131n\u0131n sundu\u011fu veriler, sosyal medya platformlar\u0131ndan payla\u015f\u0131ma a\u00e7\u0131k profil ve verilerden; i\u015flenebilmekte ve toplanabilmektedir.<\/li>\r\n<\/ul>\r\n<h3>KVKK y\u00fcr\u00fcrl\u00fc\u011fe girmeden \u00f6nce elde edilen ki\u015fisel verileriniz<\/h3>\r\n<p>KVKK\u2019nun y\u00fcr\u00fcrl\u00fck tarihi olan 7 Nisan 2016 tarihinden \u00f6nce, \u00fcyelik, elektronik ileti izni, \u00fcr\u00fcn \/ hizmet sat\u0131n alma ve di\u011fer \u015fekillerde hukuka uygun olarak elde edilmi\u015f olan ki\u015fisel verileriniz de bu belgede d\u00fczenlenen \u015fart ve ko\u015fullara uygun olarak i\u015flenmekte ve muhafaza edilmektedir.<\/p>\r\n<h3>Ki\u015fisel verilerinizin yurtd\u0131\u015f\u0131na aktar\u0131lmas\u0131<\/h3>\r\n<p>T\u00fcrkiye\u2019de i\u015flenerek veya T\u00fcrkiye d\u0131\u015f\u0131nda i\u015flenip muhafaza edilmek \u00fczere, yukar\u0131da say\u0131lan y\u00f6ntemlerden herhangi birisi ile toplanm\u0131\u015f ki\u015fisel verileriniz KVKK kapsam\u0131nda kalmak kayd\u0131yla ve s\u00f6zle\u015fme ama\u00e7lar\u0131na uygun olarak yurtd\u0131\u015f\u0131nda bulunan (Ki\u015fisel Veriler Kurulu taraf\u0131ndan akredite edilen ve ki\u015fisel verilerin korunmas\u0131 hususunda yeterli koruman\u0131n bulundu\u011fu \u00fclkelere)\u00a0 hizmet arac\u0131lar\u0131na da aktar\u0131labilecektir.<\/p>\r\n<h3>Ki\u015fisel verilerin saklanmas\u0131 ve korunmas\u0131<\/h3>\r\n<p>Ki\u015fisel verileriniz, Firmam\u0131z nezdinde yer alan veri taban\u0131nda ve sistemlerde KVKK\u2019nun 12. maddesi gere\u011fince gizli olarak saklanacak; yasal zorunluluklar ve bu belgede belirtilen d\u00fczenlemeler haricinde hi\u00e7bir \u015fekilde \u00fc\u00e7\u00fcnc\u00fc ki\u015filerle payla\u015f\u0131lmayacakt\u0131r. Firmam\u0131z, ki\u015fisel verilerinizin bar\u0131nd\u0131\u011f\u0131 sistemleri ve veri tabanlar\u0131n\u0131, KVKK\u2019nun 12. Maddesi gere\u011fi ki\u015fisel verilerin hukuka ayk\u0131r\u0131 olarak i\u015flenmesini \u00f6nlemekle, yetkisiz ki\u015filerin eri\u015fimlerini engellemekle, eri\u015fim y\u00f6netimi gibi yaz\u0131l\u0131msal tedbirleri ve fiziksel g\u00fcvenlik \u00f6nlemleri almakla m\u00fckelleftir. Ki\u015fisel verilerin yasal olmayan yollarla ba\u015fkalar\u0131 taraf\u0131ndan elde edilmesinin \u00f6\u011frenilmesi halinde durum derhal, yasal d\u00fczenlemeye uygun ve yaz\u0131l\u0131 olarak Ki\u015fisel Verileri Koruma Kurulu\u2019na bildirilecektir.<\/p>\r\n<h3>Ki\u015fisel verilerin g\u00fcncel ve do\u011fru tutulmas\u0131<\/h3>\r\n<p>KVKK\u2019nun 4. maddesi uyar\u0131nca Firmam\u0131z\u0131n ki\u015fisel verilerinizi do\u011fru ve g\u00fcncel olarak tutma y\u00fck\u00fcml\u00fcl\u00fc\u011f\u00fc bulunmaktad\u0131r. Bu kapsamda Firmam\u0131z\u0131n y\u00fcr\u00fcrl\u00fckteki mevzuattan do\u011fan y\u00fck\u00fcml\u00fcl\u00fcklerini yerine getirebilmesi i\u00e7in M\u00fc\u015fterilerimizin do\u011fru ve g\u00fcncel verilerini payla\u015fmas\u0131 veya web sitesi \/ mobil uygulama \u00fczerinden g\u00fcncellemesi gerekmektedir.<\/p>\r\n<h3>6698 say\u0131l\u0131 KVKK uyar\u0131nca\u00a0ki\u015fisel veri sahibinin haklar\u0131<\/h3>\r\n<p>6698 say\u0131l\u0131 KVKK 11.maddesi 07 Ekim 2016 tarihinde\u00a0y\u00fcr\u00fcrl\u00fc\u011fe girmi\u015f olup ilgili madde gere\u011fince, Ki\u015fisel Veri Sahibi\u2019nin bu tarihten sonraki haklar\u0131 a\u015fa\u011f\u0131daki gibidir: Ki\u015fisel Veri Sahibi, Firmam\u0131za (veri sorumlusu) ba\u015fvurarak kendisiyle ilgili;<\/p>\r\n<ol>\r\n<li>Ki\u015fisel veri i\u015flenip i\u015flenmedi\u011fini \u00f6\u011frenme,<\/li>\r\n<li>Ki\u015fisel verileri i\u015flenmi\u015fse buna ili\u015fkin bilgi talep etme,<\/li>\r\n<li>Ki\u015fisel verilerin i\u015flenme amac\u0131n\u0131 ve bunlar\u0131n amac\u0131na uygun kullan\u0131l\u0131p kullan\u0131lmad\u0131\u011f\u0131n\u0131\u00a0\u00f6\u011frenme,<\/li>\r\n<li>Yurt i\u00e7inde veya yurt d\u0131\u015f\u0131nda ki\u015fisel verilerin aktar\u0131ld\u0131\u011f\u0131 \u00fc\u00e7\u00fcnc\u00fc ki\u015fileri bilme,<\/li>\r\n<li>Ki\u015fisel verilerin eksik veya yanl\u0131\u015f i\u015flenmi\u015f olmas\u0131 h\u00e2linde bunlar\u0131n d\u00fczeltilmesini isteme,<\/li>\r\n<li>KVKK\u2019nun 7. maddesinde \u00f6ng\u00f6r\u00fclen \u015fartlar \u00e7er\u00e7evesinde ki\u015fisel verilerin silinmesini veya yok\u00a0edilmesini isteme,<\/li>\r\n<li>Ki\u015fisel verilerin d\u00fczeltilmesi, silinmesi, yok edilmesi halinde bu i\u015flemlerin, ki\u015fisel verilerin aktar\u0131ld\u0131\u011f\u0131 \u00fc\u00e7\u00fcnc\u00fc ki\u015filere de bildirilmesini isteme,<\/li>\r\n<li>\u0130\u015flenen verilerin m\u00fcnhas\u0131ran otomatik sistemler vas\u0131tas\u0131yla analiz edilmesi suretiyle ki\u015finin\u00a0kendisi aleyhine bir sonucun ortaya \u00e7\u0131kmas\u0131na itiraz etme,<\/li>\r\n<li>Ki\u015fisel verilerin kanuna ayk\u0131r\u0131 olarak i\u015flenmesi sebebiyle zarara u\u011framas\u0131 h\u00e2linde zarar\u0131n\u00a0giderilmesini talep etme,<\/li>\r\n<\/ol>\r\n<div>haklar\u0131na sahiptir.\u00a0\u00a0\u0130stanbul Esnaf ve Sanatkarlar Odas\u0131\u2019n\u0131n [\u2026\u2026\u2026\u2026\u2026\u2026\u2026\u2026..]\u00a0\u00a0sicil say\u0131s\u0131nda kay\u0131tl\u0131, [\u2026\u2026\u2026\u2026\u2026\u2026\u2026\u2026\u2026..]\u00a0\u00a0MERS\u0130S numaras\u0131na sahip, Detay Teknik LTD \u015eT\u0130. &#8211;\u00a0 Evliya \u00c7elebi Mah. Hatboyu Cad. Ziver \u00c7\u0131kmaz\u0131 No:1 D:5 Tuzla\/\u0130stanbul adresinde bulunan Detay Teknik LTD \u015eT\u0130. KVKK kapsam\u0131nda Veri Sorumlusu\u2019dur.\u00a0 Firmam\u0131z taraf\u0131ndan atanacak Veri Sorumlusu Temsilcisi, yasal altyap\u0131 sa\u011fland\u0131\u011f\u0131nda Veri Sorumlular\u0131 Sicilinde ve bu belgenin bulundu\u011fu internet adresinde ilan edilecektir. \u00a0 Ki\u015fisel Veri Sahipleri, sorular\u0131n\u0131, g\u00f6r\u00fc\u015flerini veya taleplerini a\u015fa\u011f\u0131daki ileti\u015fim kanallar\u0131ndan herhangi birisine y\u00f6neltebilir:<\/div>\r\n<div>E.posta: info@detayteknikyapi.com<\/div>\r\n<div>Telefon: 0(216) 446 65 65<\/div>\r\n<\/div>\r\n<\/div>\r\n<\/div>\r\n<\/div>\r\n","protected":false},"excerpt":{"rendered":"<p>Ki\u015fisel Veriler Kanunu hakk\u0131nda genel bilgilendirme 6698 Say\u0131l\u0131 Ki\u015fisel Verilerin Korunmas\u0131 Kanunu (bundan sonra KVKK olarak an\u0131lacakt\u0131r) 24 Mart 2016 tarihinde kabul edilmi\u015f, 7\u00a0Nisan 2016 tarihli 29677 say\u0131l\u0131 Resmi Gazete\u2019de yay\u0131nlanm\u0131\u015ft\u0131r. KVKK\u2019nun bir k\u0131sm\u0131 yay\u0131n tarihinde, bir k\u0131sm\u0131 ise 7 Ekim 2016\u2019da y\u00fcr\u00fcrl\u00fc\u011fe girmi\u015ftir. Veri sorumlusu s\u0131fat\u0131yla bilgilendirme 6698 say\u0131l\u0131\u00a0KVKK uyar\u0131nca ve Veri Sorumlusu s\u0131fat\u0131yla, [&hellip;]<\/p>\n","protected":false},"author":1,"featured_media":0,"parent":0,"menu_order":0,"comment_status":"closed","ping_status":"closed","template":"","meta":[],"_links":{"self":[{"href":"https:\/\/detayteknikyapi.com\/anasayfa\/wp-json\/wp\/v2\/pages\/549"}],"collection":[{"href":"https:\/\/detayteknikyapi.com\/anasayfa\/wp-json\/wp\/v2\/pages"}],"about":[{"href":"https:\/\/detayteknikyapi.com\/anasayfa\/wp-json\/wp\/v2\/types\/page"}],"author":[{"embeddable":true,"href":"https:\/\/detayteknikyapi.com\/anasayfa\/wp-json\/wp\/v2\/users\/1"}],"replies":[{"embeddable":true,"href":"https:\/\/detayteknikyapi.com\/anasayfa\/wp-json\/wp\/v2\/comments?post=549"}],"version-history":[{"count":2,"href":"https:\/\/detayteknikyapi.com\/anasayfa\/wp-json\/wp\/v2\/pages\/549\/revisions"}],"predecessor-version":[{"id":551,"href":"https:\/\/detayteknikyapi.com\/anasayfa\/wp-json\/wp\/v2\/pages\/549\/revisions\/551"}],"wp:attachment":[{"href":"https:\/\/detayteknikyapi.com\/anasayfa\/wp-json\/wp\/v2\/media?parent=549"}],"curies":[{"name":"wp","href":"https:\/\/api.w.org\/{rel}","templated":true}]}}