{"id":601,"date":"2021-04-07T11:53:40","date_gmt":"2021-04-07T11:53:40","guid":{"rendered":"https:\/\/detayteknikyapi.com\/anasayfa\/?page_id=601"},"modified":"2021-04-07T11:53:46","modified_gmt":"2021-04-07T11:53:46","slug":"neden-yapi-denetim","status":"publish","type":"page","link":"https:\/\/detayteknikyapi.com\/anasayfa\/neden-yapi-denetim\/","title":{"rendered":"Neden Yap\u0131 Denetim ?"},"content":{"rendered":"<p>[vc_row use_container=&#8221;yes&#8221;][vc_column][ts_text_box]D\u00fcnyan\u0131n en aktif deprem ku\u015faklar\u0131ndan birisinin i\u00e7erisinde bulunan, \u00fclkemiz topraklar\u0131n\u0131n %92\u2019s\u0131 farkl\u0131 oranlarda deprem tehlikesine sahip olan ve n\u00fcfusunun % 95\u2019i sanayimizin % 98 \u2018i bu b\u00f6lgelerde konumlanm\u0131\u015f \u00fclkemizde, uzun y\u0131llard\u0131r y\u00fcr\u00fcrl\u00fckte olan imar ve afetler mevzuat\u0131ndaki \u00e7e\u015fitli h\u00fck\u00fcmlere ra\u011fmen uygulamada etkili bir yap\u0131 denetiminin sa\u011flanamad\u0131\u011f\u0131 bir ger\u00e7ektir.<\/p>\n<p>\u00dclkemizde son 20 y\u0131l i\u00e7erisinde meydana gelen her depremden sonra bu durumun olumsuz sonu\u00e7lan a\u00e7\u0131kl\u0131kla g\u00f6r\u00fclm\u00fc\u015f olmas\u0131na kar\u015f\u0131n, bug\u00fcne kadar yap\u0131 denetimi konusunda olumlu bir geli\u015fme sa\u011flanamam\u0131\u015f, aksine h\u0131zl\u0131 n\u00fcfus art\u0131\u015f\u0131 ve g\u00f6\u00e7ler, denetimsiz \u015fehirle\u015fme ve sanayile\u015fme, yo\u011fun ka\u00e7ak yap\u0131la\u015fma ve s\u0131k,s\u0131k ba\u015fvurulan imar aflar\u0131 \u00fclkemizdeki deprem ve di\u011fer afet risklerini her ge\u00e7en g\u00fcn daha da artt\u0131rm\u0131\u015ft\u0131r.<\/p>\n<p>17 A\u011fustos 1999 Marmara , 12 Kas\u0131m 1999 Bolu-D\u00fczce, 06 Haziran 2000 \u00c7ank\u0131r\u0131,03 \u015eubat 2002 Sultan da\u011f\u0131nda ya\u015fanan depremler sonras\u0131nda meydana gelen 82 000 can , 600 000 konut kayb\u0131m\u0131z\u0131 denetimsiz ve plans\u0131z yerle\u015fmeler yap\u0131la\u015fmalar\u0131n yol a\u00e7abilecekleri zararlar\u0131 b\u00fct\u00fcn a\u00e7\u0131kl\u0131\u011f\u0131 ile a\u011f\u0131r bir fatura olarak yeniden g\u00f6zler \u00f6n\u00fcne sermi\u015ftir.<\/p>\n<p>Deprem \u00f6ld\u00fcrmez vurdumduymazl\u0131k \u00f6ld\u00fcr\u00fcr, \u00f6zdeyi\u015finin ne kadar do\u011fru oldu\u011fu a\u015fikard\u0131r. Bu anlamda \u00f6nlem geli\u015ftirilmedi\u011fi takdirde , ya\u015fanan felaketler ka\u00e7\u0131n\u0131lmaz olacakt\u0131..<\/p>\n<p>\u00dclkemizdeki yerle\u015fme ve yap\u0131la\u015fmalara 3194 say\u0131l\u0131 \u0130mar Kanunu ve afet b\u00f6lgelerinde yap\u0131lacak yap\u0131larla ilgili y\u00f6netmenlik h\u00fck\u00fcmleri ile getirilen denetim faaliyetlerinin uygulamada hemen,hemen hi\u00e7 y\u00fcr\u00fct\u00fclemedi\u011fi kanunda \u00f6ng\u00f6r\u00fclen h\u00fck\u00fcmlerin etkisiz ve yetersiz oldu\u011fu, yap\u0131lan incelemelerde proje denetimi a\u015famas\u0131nda dahi projelerin % 90 n\u0131n da tasar\u0131m, hesap ve \u00e7izim hatalar\u0131n\u0131n oldu\u011fu, yeni mezun olmu\u015f m\u00fchendis ve mimarlar ile deneyimsiz elemanlarca yap\u0131ld\u0131\u011f\u0131, uygulaman\u0131n ise ehliyetsiz ustalara kald\u0131\u011f\u0131 ve yap\u0131lar\u0131n hi\u00e7 denetlenmedi\u011fi g\u00f6r\u00fclm\u00fc\u015ft\u00fcr.<\/p>\n<p>\u015eantiyelerin % 90\u2019\u0131nda y\u00f6netmelik ve standartlara ayk\u0131r\u0131 beton d\u00f6k\u00fcld\u00fc\u011f\u00fc ve beton mukavemet de\u011ferlerinin projesinde \u00f6ng\u00f6r\u00fclen de\u011ferden % 40 ortalama olarak daha az oldu\u011fu, \u00e7eli\u011fin mukavemeti ise hi\u00e7 kontrol edilmedi\u011fi tespit edilmi\u015ftir. Bu ara\u015ft\u0131rmalar ve ya\u015fanan son depremler 3194 say\u0131l\u0131 Kanun ile yap\u0131lar\u0131n etkili olarak denetlenmesinin m\u00fcmk\u00fcn olmad\u0131\u011f\u0131n\u0131, bu Kanunda yap\u0131m i\u015flerinde rol alan yap\u0131m m\u00fcteahhidi, teknik uygulama sorumlusu (fenni mesul), yap\u0131 ustalar\u0131, in\u015faat projelerini ve uygulamalar\u0131n\u0131 denetlemekle sorumlu olan belediyeler ile organize sanayi m\u00fcd\u00fcrl\u00fckleri ve valiliklerin \u00f6zellikle de uygulamay\u0131 hi\u00e7 kontrol ve denetleyemedikleri bir kez daha ortaya \u00e7\u0131karm\u0131\u015ft\u0131r.<\/p>\n<p>Bu nedenle; \u00fclkemizdeki yap\u0131 denetim sistemi ve yap\u0131m a\u015famas\u0131nda g\u00f6rev alan m\u00fcteahhit, proje m\u00fcellifi ve denetim yapmakla g\u00f6revli yap\u0131 denetim elamanlar\u0131 ile yerel y\u00f6netimlerin sorumluluklar\u0131n\u0131 yeniden d\u00fczenlemek ve ka\u011f\u0131t \u00fczerinde denetlenmi\u015f gibi g\u00f6r\u00fclen, ancak hemen, hemen hi\u00e7 denetlenmeyen bu yap\u0131lar\u0131n sorumlular\u0131na verilecek cezalarla bu ki\u015filerin \u00fc\u00e7\u00fcnc\u00fc \u015fah\u0131slara verdikleri zararlar\u0131 tazmin edebilecek yeni bir yasal d\u00fczenleme getirmek zorunlu olmu\u015ftur.<\/p>\n<p>Afetlerde can ve mal g\u00fcvenli\u011fini sa\u011flamak, kaynak israf\u0131 ile plans\u0131z, kalitesiz ve kontrols\u00fcz yap\u0131la\u015fmay\u0131 \u00f6nlemek, \u00e7a\u011fda\u015f norm ve standartlarda yap\u0131 \u00fcretimini sa\u011flamak, denetimsizlik ve ihmal nedenleriyle zarara u\u011frayan \u00fc\u00e7\u00fcnc\u00fc \u015fah\u0131slar\u0131n haklar\u0131m korumak amac\u0131yla , yap\u0131 \u00fcretiminde kusur ve ihmali g\u00f6r\u00fclen sorumlular\u0131na kar\u015f\u0131 gerekli i\u015flemleri yerine getirmek amac\u0131yla, haz\u0131rlanm\u0131\u015f olan 4708 say\u0131l\u0131 kanun 29.06.2001 tarihinde y\u00fcr\u00fcrl\u00fc\u011fe girmi\u015ftir.<\/p>\n<p>Biz yap\u0131 denetim firmalar\u0131na d\u00fc\u015fen g\u00f6rev zaman ge\u00e7irmeden YAPI VE PROJE DENET\u0130M\u0130N\u0130 \u00fclke \u00e7ap\u0131nda hayata ge\u00e7irmek, yap\u0131 denetimiyle ilgili 4708 say\u0131l\u0131 kanun ve y\u00f6netmenli\u011finin halk\u0131m\u0131z\u0131n \u00e7\u0131karlar\u0131 do\u011frultusunda eksik ve hatal\u0131 yanlar\u0131n\u0131n giderilerek kalitede rekabet\u00e7i denetim uygulanmas\u0131n\u0131 sa\u011flamakt\u0131r.<\/p>\n<p>GEREKL\u0130 BELGELER<\/p>\n<p>1- \u0130mar durumu ve imar plan notu (Asl\u0131) 1 Adet<\/p>\n<p>2- \u0130stikamet r\u00f6levesi (Asl\u0131) 1 Adet<\/p>\n<p>3- Kot Kesit (Asl\u0131) 1 Adet<\/p>\n<p>4- Tapu (Fotokopi) 1 Adet<\/p>\n<p>5- \u00c7ap (Asl\u0131) 1 Adet<\/p>\n<p>6- Mimari Proje 5 Tak\u0131m<\/p>\n<p>7- Statik Betonarme Hesap Kitap\u00e7\u0131\u011f\u0131 5 Tak\u0131m<\/p>\n<p>8- Zemin et\u00fct raporu 5 Tak\u0131m<\/p>\n<p>9- Betonarme proje 5 Tak\u0131m<\/p>\n<p>10- S\u0131hhi Tesisat \u0131s\u0131 yal\u0131t\u0131m\u0131 projesi 5 Tak\u0131m<\/p>\n<p>11- Elektrik tesisat projesi 5 Tak\u0131m<\/p>\n<p>12- Mecra projesi (at\u0131k su projesi) Organize sanayi b\u00f6lgelerinde istenir 5 Tak\u0131m<\/p>\n<p>13- Proje sorumlular\u0131n\u0131n i\u00e7inde bulundu\u011fu y\u0131l i\u00e7in ge\u00e7erlili\u011fi olan b\u00fcro tescil belgelerinin fotokopileri 5 Tak\u0131m<\/p>\n<p>14- Proje M\u00fcelliflerine ait Sicil Durum belgelerinin fotokopileri 5 Tak\u0131m<\/p>\n<p>15- M\u00fcteahhidi Firma ise Ticaret Sicil Faaliyet Belgesi \u2013 Vergi Levhas\u0131 fotokopisi \u2013 \u0130kametgah Adresi<\/p>\n<p>16- M\u00fcteahhidi \u015eah\u0131s ise Ticaret Sicil Faaliyet Belgesi fotokopisi \u2013 \u0130kametgah Adresi[\/ts_text_box][\/vc_column][\/vc_row]<\/p>\n","protected":false},"excerpt":{"rendered":"<p>[vc_row use_container=&#8221;yes&#8221;][vc_column][ts_text_box]D\u00fcnyan\u0131n en aktif deprem ku\u015faklar\u0131ndan birisinin i\u00e7erisinde bulunan, \u00fclkemiz topraklar\u0131n\u0131n %92\u2019s\u0131 farkl\u0131 oranlarda deprem tehlikesine sahip olan ve n\u00fcfusunun % 95\u2019i sanayimizin % 98 \u2018i bu b\u00f6lgelerde konumlanm\u0131\u015f \u00fclkemizde, uzun y\u0131llard\u0131r y\u00fcr\u00fcrl\u00fckte olan imar ve afetler mevzuat\u0131ndaki \u00e7e\u015fitli h\u00fck\u00fcmlere ra\u011fmen uygulamada etkili bir yap\u0131 denetiminin sa\u011flanamad\u0131\u011f\u0131 bir ger\u00e7ektir. \u00dclkemizde son 20 y\u0131l i\u00e7erisinde meydana [&hellip;]<\/p>\n","protected":false},"author":1,"featured_media":0,"parent":0,"menu_order":0,"comment_status":"closed","ping_status":"closed","template":"page-builder.php","meta":[],"_links":{"self":[{"href":"https:\/\/detayteknikyapi.com\/anasayfa\/wp-json\/wp\/v2\/pages\/601"}],"collection":[{"href":"https:\/\/detayteknikyapi.com\/anasayfa\/wp-json\/wp\/v2\/pages"}],"about":[{"href":"https:\/\/detayteknikyapi.com\/anasayfa\/wp-json\/wp\/v2\/types\/page"}],"author":[{"embeddable":true,"href":"https:\/\/detayteknikyapi.com\/anasayfa\/wp-json\/wp\/v2\/users\/1"}],"replies":[{"embeddable":true,"href":"https:\/\/detayteknikyapi.com\/anasayfa\/wp-json\/wp\/v2\/comments?post=601"}],"version-history":[{"count":2,"href":"https:\/\/detayteknikyapi.com\/anasayfa\/wp-json\/wp\/v2\/pages\/601\/revisions"}],"predecessor-version":[{"id":603,"href":"https:\/\/detayteknikyapi.com\/anasayfa\/wp-json\/wp\/v2\/pages\/601\/revisions\/603"}],"wp:attachment":[{"href":"https:\/\/detayteknikyapi.com\/anasayfa\/wp-json\/wp\/v2\/media?parent=601"}],"curies":[{"name":"wp","href":"https:\/\/api.w.org\/{rel}","templated":true}]}}