{"id":604,"date":"2021-04-07T11:54:19","date_gmt":"2021-04-07T11:54:19","guid":{"rendered":"https:\/\/detayteknikyapi.com\/anasayfa\/?page_id=604"},"modified":"2021-04-07T11:54:19","modified_gmt":"2021-04-07T11:54:19","slug":"yapi-denetim-hizmetlerimiz","status":"publish","type":"page","link":"https:\/\/detayteknikyapi.com\/anasayfa\/yapi-denetim-hizmetlerimiz\/","title":{"rendered":"Yap\u0131 Denetim Hizmetlerimiz"},"content":{"rendered":"<p>[vc_row use_container=&#8221;yes&#8221;][vc_column][ts_text_box]<span style=\"color: #6eabc9;\"><b><strong>01 Proje Ve Ruhsat A\u015famas\u0131nda Verilecek Hizmetler<\/strong><\/b><\/span><\/p>\n<ol>\n<li>Zemin Et\u00fcd\u00fc Raporunun Bay\u0131nd\u0131rl\u0131k Ve \u0130skan Bkanl\u0131\u011f\u0131n\u0131n 20.06.1993 tarih ve 393 say\u0131l\u0131 genelgesiyle uygulamaya konulan \u201cZemin ve Temel Et\u00fcd\u00fc Raporunun Haz\u0131rlanmas\u0131na \u0130li\u015fkin Esaslar\u201da uygun olup olmad\u0131\u011f\u0131n\u0131<\/li>\n<li>Mimari proje ve hesaplar incelenerek,yapan\u0131n ilgili imar plan\u0131 ile imar,yang\u0131n,s\u0131\u011f\u0131nak vb. y\u00f6netmeliklerine uygun tasarlan\u0131p asarlanmad\u0131\u011f\u0131 belirlenerek raporlan\u0131r.<\/li>\n<li>Statik proje ve hesaplar incelenerek,yap\u0131n\u0131n ba\u015fta ABYYHY\u201997 olmak \u00fczere ta\u015f\u0131y\u0131c\u0131 sistemine g\u00f6re TS500,TS648,TS561,TS9964 vb. y\u00f6netmeliklerine ve standartlar\u0131na uygun tasarlan\u0131p tasarlanmad\u0131\u011f\u0131 belirlenir.<\/li>\n<li>Mekanik tesisat proje ve hesaplar\u0131 incelenerek, yap\u0131n\u0131n yang\u0131n, \u0131s\u0131 yal\u0131t\u0131m\u0131 vb. y\u00f6netmeliklerine ve standartlar\u0131na uygun tasarlan\u0131p tasarlanmad\u0131\u011f\u0131 belirlenir.<\/li>\n<li>Elektrik tesisat\u0131 proje ve hesaplar\u0131 incelenerek, yap\u0131n\u0131n elektrik i\u00e7 tesisleri, topraklama, y\u0131ld\u0131r\u0131mdan korunma vb. y\u00f6netmeliklerine ve standartlar\u0131na uygun tasarlan\u0131p tasarlanmad\u0131\u011f\u0131 belirlenir.<\/li>\n<li>Zemin et\u00fcd\u00fc raporu ile b\u00fct\u00fcn disiplinlere ait proje ve hesaplar yukar\u0131da \u00f6zetlendi\u011fi \u015fekilde incelenip raporland\u0131ktan sonra, proje m\u00fcelliflerinden belirlenen eksik ve\/veya hatal\u0131 k\u0131s\u0131mlar\u0131n\u00a0 tamamlanmas\u0131 ve\/veya d\u00fczeltilmesi istenir. Proje m\u00fcelliflerince yap\u0131lan tamamlanma ve\/veya d\u00fczeltme sonras\u0131 projeleri onaylayarak,sorumluluklar\u0131 proje m\u00fcellifleri ile payla\u015f\u0131r.<\/li>\n<li>Yap\u0131 ruhsat\u0131n\u0131n al\u0131nmas\u0131 konusunda yap\u0131 denetim firmalar\u0131nca haz\u0131rlanmas\u0131 gereken b\u00fct\u00fcn evrak\u0131 noksans\u0131z olarak haz\u0131rlayarak ilgili idaresine iletir.<\/li>\n<\/ol>\n<p>&nbsp;<\/p>\n<p><span style=\"color: #6eabc9;\"><b><strong>02 KABA \u0130N\u015eAAT A\u015eAMASINDA VER\u0130LECEK H\u0130ZMETLER<\/strong><\/b><\/span><\/p>\n<ol>\n<li>Yap\u0131m a\u015famas\u0131nda ki t\u00fcm imalatlar ba\u015fta ta\u015f\u0131y\u0131c\u0131 sistem olmak \u00fczere ; onayl\u0131 uygulama projelerine,genel ve \u00f6zel teknik \u015fartnamelere,ulusal ve\/veya uluslar aras\u0131 y\u00f6netmelik standartlar\u0131na uygun olarak yap\u0131lmalar\u0131n\u0131 sa\u011flamak amac\u0131yla denetlenir.<\/li>\n<\/ol>\n<p>Bu denetimlerin ba\u015fl\u0131ca faaliyetleri a\u015fa\u011f\u0131dad\u0131r.<\/p>\n<ol>\n<li>Denetimci kendi \u00e7al\u0131\u015fmaar\u0131yla ilgili<\/li>\n<li>G\u00fcnl\u00fck \u015fantiye operasyon defteri tutacakt\u0131r.<\/li>\n<li>M\u00fcteahhit firma yetkilisinin, istenirse mal sahibinin, ve gerekti\u011finde proje m\u00fcelliflerininde kat\u0131laca\u011f\u0131 haftal\u0131k veya 15 g\u00fcnde bir (imalat\u0131n seyrine g\u00f6re) \u015fantiye toplant\u0131lar\u0131 d\u00fczenlenecektir.<\/li>\n<li>Toplant\u0131 tutanaklar\u0131 firmam\u0131zca d\u00fczenlenip, yay\u0131nlanacakt\u0131r.<\/li>\n<li>Yap\u0131n\u0131n aplikasonunun mimari projesine uygun oalrak yap\u0131ld\u0131\u011f\u0131 yap\u0131 sahibi veya m\u00fctahati taraf\u0131ndan se\u00e7ilen bir serbest harita m\u00fchendislerine imza alt\u0131na ald\u0131rl\u0131r.(Yap\u0131 denetim firmalar\u0131n\u0131n b\u00fcnyesnde harita m\u00fchendisi yoktur)<\/li>\n<li>Kaz\u0131, temel, subasman, kat, \u00e7at\u0131 vb. kotlar kontrol edilerek ilgili projelerine uygun olarak yap\u0131lmalar\u0131 sa\u011flan\u0131r.<\/li>\n<li>\u0130\u015f yerinde i\u015f g\u00fcvenli\u011fi ve i\u015f\u00e7i sa\u011fl\u0131\u011f\u0131 konusunda gerekli \u00f6nlemler ald\u0131r\u0131l\u0131r.<\/li>\n<li>\u015eantiyeye getirilen, imalata girecek malzemelerin uygulama projelerine,genel ve \u00f6zel \u015fartnamelerle, yap\u0131 sahibinin isteklerine uygunlu\u011fu ile kalite belgelerine ve sertifikalar\u0131na sahip oldu\u011fu denetlenir.<\/li>\n<li>Ta\u015f\u0131y\u0131c\u0131 sistemde kullan\u0131lan beton,donat\u0131 \u00e7eli\u011fi,yap\u0131sal \u00e7elik profil ve levha, c\u0131vata ve somun gibi malzemeler Bay\u0131nd\u0131rl\u0131k ve \u0130skan bakanl\u0131\u011f\u0131nca yetkilendirilmi\u015f \u00f6zel ve\/veya resmi laboratuarlarda test ettirilir.<\/li>\n<li>Beton kal\u0131plar\u0131 temizlik,s\u0131zd\u0131rmazl\u0131k, \u00f6l\u00e7\u00fc,stabilite g\u00fcvenlik vb. bak\u0131mlar\u0131dan denetlenir.<\/li>\n<li>Beton i\u00e7ine girecek donalt\u0131 \u00e7elikleri boyut, \u015fekil , konum , projeye uygunluk vb. \u00f6zellikleri bak\u0131m\u0131ndan denetlenir.<\/li>\n<li>Beton kal\u0131b\u0131 ve dnalt\u0131 \u00e7eli\u011fi denetimi sonucu uygulama projesine uygunluk bir tutanak ile kay\u0131t alt\u0131na al\u0131n\u0131r.<\/li>\n<li>Beton d\u00f6k\u00fcm\u00fc \u00f6ncesi ilgili laboratuarlar bilgilendirilerek, laboratuar eleman\u0131n\u0131n beton d\u00f6k\u00fcm\u00fcnde haz\u0131r bulunmas\u0131 ve betonda s\u0131cakl\u0131k,k\u0131vam kontrollerinin yap\u0131lmas\u0131yla taraf\u0131m\u0131zdan belirlenecek tip ve say\u0131da \u00f6rnek al\u0131nmas\u0131 sa\u011flan\u0131r.<\/li>\n<li>Beton d\u00f6k\u00fcm\u00fc mutlaka firmam\u0131zca bu proje i\u00e7in g\u00f6revlendirilmi\u015f yard\u0131mc\u0131 kontrol in\u015faat m\u00fchendisinin g\u00f6zetiminde ger\u00e7ekle\u015ftirilir.<\/li>\n<li>Betonun projeye uygunlu\u011fu, d\u00f6k\u00fcm \u00f6ncesinde, transmier ile getirilen teslim belgesi (\u0130rsaliye) ekindeki re\u00e7eteden ve \u015fantiyede yap\u0131lacak s\u0131cakl\u0131k ve k\u0131vam \u00f6l\u00e7\u00fclerinden belirlenir.<\/li>\n<li>Beton d\u00f6k\u00fcm\u00fc s\u0131ras\u0131nda serbest d\u00fc\u015fme y\u00fcksekli\u011fi, serme, s\u0131k\u0131\u015ft\u0131rma (Vibrasyon) ve y\u00fczey i\u015fleme aktivieleri izlenerek do\u011fru ve projesine uygun olarak ger\u00e7ekle\u015ftirmeleri sa\u011flan\u0131r.<\/li>\n<li>Beton d\u00f6k\u00fcm\u00fcnden sonra ilgili tutanak tutularak bu i\u015flemin projesine uygun olarak ger\u00e7ekle\u015ftirdi\u011fi kay\u0131t alt\u0131na al\u0131n\u0131r.<\/li>\n<li>Beton d\u00f6k\u00fcm\u00fcnden sonra k\u00fcrlenme ko\u015fullar\u0131 denetlenir ve kal\u0131p alma s\u00fcreleri tamamland\u0131ktan sonra kal\u0131plar\u0131n s\u00f6k\u00fclmesine izin verilir.<\/li>\n<li>Beton kal\u0131plar\u0131 s\u00f6k\u00fcld\u00fckten sonra d\u00f6k\u00fcm hatalar\u0131 ile \u00e7atlak kontrol\u00fc yap\u0131l\u0131r.Bozuk olan yerlerin uygun y\u00f6ntem ve malzeme kullan\u0131larak onar\u0131lmas\u0131 sa\u011flan\u0131r.<\/li>\n<li>Betondan al\u0131nan \u00f6rnekler sahada ve laboratuarda uygun ortamda saklanarak k\u00fcrlenmesi sa\u011flan\u0131r.<\/li>\n<li>Betondan al\u0131nan \u00f6rneklerin \u00fczerinde yap\u0131lan bas\u0131n\u00e7 dayan\u0131m\u0131 deneyi sonu\u00e7lar\u0131 yap\u0131 sahibine, m\u00fctahite ve ilgili dairelere iletilir.Deneye sonu\u00e7lar\u0131yla ilgili standart y\u00f6netmeliklerin \u00f6ng\u00f6rd\u00fc\u011f\u00fc s\u0131n\u0131r ko\u015fullar\u0131 sa\u011flamad\u0131\u011f\u0131 durumlarda,ilgili standart ve y\u00f6netmeliklerde \u00f6ng\u00f6r\u00fclen tahkik ve\/veya testler yap\u0131larak sonucu raporlan\u0131r.<\/li>\n<li>Beton santrali, prefabrik yap\u0131 \u00fcretim tesisi, \u00e7elik yap\u0131 at\u00f6lyesi vb. \u015fantiye d\u0131\u015f\u0131 \u00fcretim tesisleri hem yeterlilik a\u00e7\u0131s\u0131ndan hemde buralarda yap\u0131lan \u00fcretimlerin projeye uygunlu\u011fu a\u00e7\u0131s\u0131ndan denetlenerek raporlan\u0131r.<\/li>\n<li>Dolgularda malzeme se\u00e7imi serme,sulama ve s\u0131k\u0131\u015ft\u0131rma i\u015flemleri kontrol edilir ve gerekli durumlarda bu kontrol i\u015flemi yap\u0131lacak testler ile desteklenir.<\/li>\n<li>Su yal\u0131t\u0131m malzemelerinin uygunlu\u011fu, uygulaman\u0131n do\u011fru yap\u0131lmas\u0131n\u0131 ve uygulama sonras\u0131n\u0131 korunmas\u0131 denetlenir.<\/li>\n<li>Kaz\u0131lar\u0131n kaz\u0131 planlar\u0131na uygun olarak yap\u0131lmas\u0131,\u015fev e\u011fitimleri ve \u015fev stabilitesi, gerekiyorsa iksa yap\u0131m\u0131 denetlenir.<\/li>\n<li>Yeralt\u0131 suyu drenaj sisteminin projelerine g\u00f6re gran\u00fcrler filtre malzeme ve\/veya dren borular\u0131 ile geotekstil kullan\u0131larak yap\u0131lmas\u0131 denetlenir.<\/li>\n<li>\u00c7elik konstr\u00fcksiyon imalatlar\u0131nda kesme, delme, \u00e7atma kaynak ve montaj vb. i\u015flemleri \u00fcretim tesisi ve \u015fantiyede denetlenir.<\/li>\n<li>\u00c7elik yap\u0131 imalat\u0131nda ki yap\u0131sal kaynaklar\u0131n sertifikal\u0131 elemanlarca yap\u0131lmas\u0131 sa\u011flan\u0131r.<\/li>\n<li>Kaynak testlerinin \u00e7elik yap\u0131 m\u00fctehatince yapt\u0131r\u0131lmas\u0131 sa\u011flan\u0131r.<\/li>\n<li>Yap\u0131 duvarlar\u0131 ve i\u00e7 b\u00f6lmeleri ve bunlara ait \u0131s\u0131 ve ses izolasyonlar\u0131 projelerine ve yap\u0131m tekniklerine g\u00f6re denetlenir.<\/li>\n<li>Kaba ve ince s\u0131va i\u015fleri ile i\u00e7 ve d\u0131\u015f boya kaplamalar\u0131n do\u011fru malzemesi ile, do\u011fru \u015fekilde ve yeterli kalitede yap\u0131lmas\u0131 denetlenir.<\/li>\n<li>Kap\u0131 ve pencere montajlar\u0131, vitrifiye elemanlar\u0131n\u0131n montaj\u0131, seramik ve fayans uygulamalar\u0131nda malzeme \u00f6l\u00e7\u00fc ve kalite unsurlar\u0131 denetlenir.<\/li>\n<li>Bacalar, haval\u0131klar, \u00e7at\u0131 kaplamas\u0131, \u00e7at\u0131 \u0131s\u0131 ve ses yal\u0131t\u0131m\u0131 ile merdivenlerde \u00f6zel ve genel teknik \u015fartname, detay proje ve teknik usullere uygunluk denetlenir.<\/li>\n<\/ol>\n<p><strong>03 MEKAN\u0130K TES\u0130SAT \u0130MALATLARINDA<\/strong><\/p>\n<ol>\n<li>Her t\u00fcrl\u00fc boru \u00e7aplar\u0131 ve kanal ebatlar\u0131 ve d\u00f6\u015fenen boru hatlar\u0131 ve kanallar\u0131n e\u011filimleri, birbirlerine ve yap\u0131 elemanlar\u0131na mesafeler kontrol edilir.<\/li>\n<li>Mekanik tesisat boru, kanal ve ekipmanlar\u0131n ta\u015f\u0131y\u0131c\u0131 mesnet ve a\u015fkl\u0131lar\u0131 ve bunlar\u0131n aral\u0131klar\u0131 denetlenir.<\/li>\n<li>T\u00fcm mekanik ba\u011flant\u0131lar\u0131n tekni\u011fe uygun yap\u0131lmas\u0131 sa\u011flan\u0131r.<\/li>\n<li>Gerekli yerlere esnek ba\u011flant\u0131 ve kompansat\u00f6rlerin konuldu\u011fu g\u00f6zlenir.<\/li>\n<li>Tesisat ve testlerin \u015fartnameye uygun olarak yap\u0131lmas\u0131 ve \u015fartlar\u0131n sa\u011fland\u0131\u011f\u0131 kontrol edilir.<\/li>\n<li>Tesisat\u0131n korozyon kaplama, \u0131s\u0131 ve ses yal\u0131t\u0131mlar\u0131n\u0131n projeye uygun yap\u0131lmas\u0131 sa\u011flan\u0131r.<\/li>\n<\/ol>\n<p><strong>04 ELEKTR\u0130K TES\u0130SATI \u0130MALATLARINDA<\/strong><\/p>\n<ol>\n<li>Beton i\u00e7inde veya s\u0131vaalt\u0131nda kalacak kablo borular\u0131n do\u011fru yerlerde ve usul\u00fcne uygun b\u0131rak\u0131lmas\u0131 sa\u011flan\u0131r.<\/li>\n<li>S\u0131vaalt\u0131 buat, anahtar, prizlerin uygun yerlere do\u011fru y\u00fckseklikte b\u0131rak\u0131lmas\u0131 temin edilir.<\/li>\n<li>Kablo \u00e7ekiminde do\u011fru kesitte ki kablolar\u0131n kullan\u0131lmas\u0131 sa\u011flan\u0131r.<\/li>\n<li>Mastarlama ve buat ba\u011flant\u0131lar\u0131nda uygun derinlik sa\u011flanmas\u0131, i\u00e7lerinin temizlenmesi ve kablo ba\u011flant\u0131lar\u0131n\u0131n klemenslerle yapt\u0131r\u0131lmas\u0131 temin edilir.<\/li>\n<li>Faz, n\u00f6tr ve topraklama ba\u011flant\u0131lar\u0131 d\u00fcz\u011f\u00fcn olarak yapt\u0131r\u0131l\u0131r.Elektrik panelleri ve elektrikli cihazlar\u0131n montajlar\u0131n\u0131n kontrol\u00fc yap\u0131l\u0131r.<\/li>\n<li>T\u00fcm elektrik tesisat\u0131nda gerilim alt\u0131ndaki testler uygun \u00f6l\u00e7\u00fcm cihaz\u0131lar\u0131 ile yapt\u0131r\u0131l\u0131r.<\/li>\n<\/ol>\n<p>[\/ts_text_box][\/vc_column][\/vc_row]<\/p>\n","protected":false},"excerpt":{"rendered":"<p>[vc_row use_container=&#8221;yes&#8221;][vc_column][ts_text_box]01 Proje Ve Ruhsat A\u015famas\u0131nda Verilecek Hizmetler Zemin Et\u00fcd\u00fc Raporunun Bay\u0131nd\u0131rl\u0131k Ve \u0130skan Bkanl\u0131\u011f\u0131n\u0131n 20.06.1993 tarih ve 393 say\u0131l\u0131 genelgesiyle uygulamaya konulan \u201cZemin ve Temel Et\u00fcd\u00fc Raporunun Haz\u0131rlanmas\u0131na \u0130li\u015fkin Esaslar\u201da uygun olup olmad\u0131\u011f\u0131n\u0131 Mimari proje ve hesaplar incelenerek,yapan\u0131n ilgili imar plan\u0131 ile imar,yang\u0131n,s\u0131\u011f\u0131nak vb. y\u00f6netmeliklerine uygun tasarlan\u0131p asarlanmad\u0131\u011f\u0131 belirlenerek raporlan\u0131r. Statik proje ve hesaplar [&hellip;]<\/p>\n","protected":false},"author":1,"featured_media":0,"parent":0,"menu_order":0,"comment_status":"closed","ping_status":"closed","template":"page-builder.php","meta":[],"_links":{"self":[{"href":"https:\/\/detayteknikyapi.com\/anasayfa\/wp-json\/wp\/v2\/pages\/604"}],"collection":[{"href":"https:\/\/detayteknikyapi.com\/anasayfa\/wp-json\/wp\/v2\/pages"}],"about":[{"href":"https:\/\/detayteknikyapi.com\/anasayfa\/wp-json\/wp\/v2\/types\/page"}],"author":[{"embeddable":true,"href":"https:\/\/detayteknikyapi.com\/anasayfa\/wp-json\/wp\/v2\/users\/1"}],"replies":[{"embeddable":true,"href":"https:\/\/detayteknikyapi.com\/anasayfa\/wp-json\/wp\/v2\/comments?post=604"}],"version-history":[{"count":1,"href":"https:\/\/detayteknikyapi.com\/anasayfa\/wp-json\/wp\/v2\/pages\/604\/revisions"}],"predecessor-version":[{"id":605,"href":"https:\/\/detayteknikyapi.com\/anasayfa\/wp-json\/wp\/v2\/pages\/604\/revisions\/605"}],"wp:attachment":[{"href":"https:\/\/detayteknikyapi.com\/anasayfa\/wp-json\/wp\/v2\/media?parent=604"}],"curies":[{"name":"wp","href":"https:\/\/api.w.org\/{rel}","templated":true}]}}