{"id":9,"date":"2020-03-25T06:06:17","date_gmt":"2020-03-25T06:06:17","guid":{"rendered":"http:\/\/uoncorp.themezinho.net\/?page_id=9"},"modified":"2021-04-07T11:59:10","modified_gmt":"2021-04-07T11:59:10","slug":"anasayfa","status":"publish","type":"page","link":"https:\/\/detayteknikyapi.com\/anasayfa\/","title":{"rendered":"Anasayfa"},"content":{"rendered":"<p>[vc_row anchor_wrap_section=&#8221;no&#8221; el_class=&#8221;slider-spacing&#8221;][vc_column][ts_hero_slider hero_slider=&#8221;14&#8243;][\/vc_column][\/vc_row][vc_row section_background_color=&#8221;#c1c4ce&#8221; motts_theme_padding=&#8221;no&#8221; el_class=&#8221;label-text-box-spacing&#8221;][vc_column][vc_row_inner el_class=&#8221;label-text-wrapper&#8221;][vc_column_inner width=&#8221;1\/4&#8243;][ts_label_text_box title=&#8221;M\u00fchendislik&#8221;]Teknik, matematiksel ve sosyal veriler \u0131\u015f\u0131\u011f\u0131nda insanlar\u0131n kullan\u0131m\u0131na y\u00f6nelik yeni sistemler \u00fcretme ve geli\u015ftirme ile sorumludur.[\/ts_label_text_box][\/vc_column_inner][vc_column_inner width=&#8221;1\/4&#8243;][ts_label_text_box title=&#8221;Mimarl\u0131k&#8221;]Binalar\u0131 ve di\u011fer fiziki yap\u0131lar\u0131 belirli \u00f6l\u00e7\u00fc ve kurallara g\u00f6re tasarlama ve kurma sanat\u0131 ve bilimidir.[\/ts_label_text_box][\/vc_column_inner][vc_column_inner width=&#8221;1\/4&#8243;][ts_label_text_box title=&#8221;Yap\u0131 Denetim&#8221;]Yeni in\u015fa edilen binalar\u0131n denetlenmesi ve denetim sonucu binalar\u0131n g\u00fcvenilir oldu\u011funa ili\u015fkin onay verilmesidir.[\/ts_label_text_box][\/vc_column_inner][vc_column_inner width=&#8221;1\/4&#8243;][ts_label_text_box title=&#8221;Kentsel D\u00f6n\u00fc\u015f\u00fcm&#8221;]<\/p>\n<p class=\"nd-article__spot\">\u00dclkemizde riskli b\u00f6lgelerde yer alan binalar\u0131n y\u0131k\u0131lmas\u0131 ve eskimesi sebebi ile bu binalar\u0131n y\u0131k\u0131l\u0131p yerine yeni binalar yap\u0131lmas\u0131d\u0131r.<\/p>\n<p>[\/ts_label_text_box][\/vc_column_inner][\/vc_row_inner][vc_row_inner wrap_container=&#8221;yes&#8221; css=&#8221;.vc_custom_1585146611252{margin-top: 30px !important;margin-bottom: 30px !important;}&#8221;][vc_column_inner width=&#8221;1\/6&#8243; offset=&#8221;vc_col-xs-6&#8243;][ts_partner logo=&#8221;32&#8243;][\/vc_column_inner][vc_column_inner width=&#8221;1\/6&#8243; offset=&#8221;vc_col-xs-6&#8243;][ts_partner logo=&#8221;33&#8243;][\/vc_column_inner][vc_column_inner width=&#8221;1\/6&#8243; offset=&#8221;vc_col-xs-6&#8243;][ts_partner logo=&#8221;34&#8243;][\/vc_column_inner][vc_column_inner width=&#8221;1\/6&#8243; offset=&#8221;vc_col-xs-6&#8243;][ts_partner logo=&#8221;35&#8243;][\/vc_column_inner][vc_column_inner width=&#8221;1\/6&#8243; offset=&#8221;vc_col-xs-6&#8243;][ts_partner logo=&#8221;36&#8243;][\/vc_column_inner][vc_column_inner width=&#8221;1\/6&#8243; offset=&#8221;vc_col-xs-6&#8243;][ts_partner logo=&#8221;37&#8243;][\/vc_column_inner][\/vc_row_inner][\/vc_column][\/vc_row][vc_row use_container=&#8221;yes&#8221;][vc_column][ts_section_title tagline=&#8221;Projelerimizi nas\u0131l Planl\u0131yor ve Y\u00f6netiyoruz ?&#8221; title=&#8221;Proje Y\u00f6netim&#8221; index=&#8221;01&#8243;][vc_row_inner][vc_column_inner width=&#8221;1\/3&#8243;][ts_image_content_box image=&#8221;47&#8243; title=&#8221;Planlama&#8221; description=&#8221;Hedeflenen bir amaca ula\u015f\u0131lmas\u0131n\u0131 sa\u011flayacak diagram veya ad\u0131mlardan olu\u015fan dok\u00fcmand\u0131r. Neyin ne zaman, ni\u00e7in ve nas\u0131l yap\u0131laca\u011f\u0131n\u0131 g\u00f6steren bir taslakt\u0131r.&#8221;][\/vc_column_inner][vc_column_inner width=&#8221;1\/3&#8243;][ts_image_content_box image=&#8221;48&#8243; title=&#8221;Proje Y\u00f6netim \/ \u0130zleme&#8221; description=&#8221;Projelerde izleme ve kontrol s\u00fcreci planlar ile ger\u00e7ekle\u015fenlerin performans a\u00e7\u0131s\u0131ndan izlenmesi, de\u011fi\u015fikliklerin y\u00f6netilmesi anlam\u0131na gelir.&#8221;][\/vc_column_inner][vc_column_inner width=&#8221;1\/3&#8243;][ts_image_content_box image=&#8221;49&#8243; title=&#8221;Kontrol Ve Kapan\u0131\u015f&#8221; description=&#8221;Proje g\u00f6revleri tamamland\u0131ktan sonra proje sahibinin sonucu onaylamas\u0131 istenir. Onay i\u00e7in performans, test ve kontrol sonu\u00e7lar\u0131 dikkate al\u0131nacakt\u0131r.&#8221;][\/vc_column_inner][\/vc_row_inner][\/vc_column][\/vc_row][vc_row equal_height=&#8221;yes&#8221; section_background_color=&#8221;#405089&#8243; motts_theme_padding=&#8221;no&#8221; el_class=&#8221;side-image-spacing&#8221;][vc_column width=&#8221;1\/2&#8243;][ts_side_content_left has_readmore=&#8221;&#8221; readmore_label=&#8221;&#8221; title=&#8221;&#8221; text=&#8221;&#8221; readmore_link=&#8221;&#8221; image=&#8221;53&#8243;][\/vc_column][vc_column width=&#8221;1\/2&#8243; css=&#8221;.vc_custom_1585408170875{padding-top: 120px !important;padding-right: 100px !important;padding-bottom: 120px !important;padding-left: 100px !important;}&#8221;][ts_section_title color=&#8221;light&#8221; index=&#8221;02&#8243; title=&#8221;Vizyonumuz&#8221; tagline=&#8221;Tecr\u00fcbeli kuruculara sahip bir Yap\u0131 Denetim firmas\u0131 olarak T\u00fcrkiye\u2019de, modern d\u00fcnyan\u0131n ve \u00e7a\u011fda\u015fla\u015fman\u0131n bir gere\u011fi olan kaliteli, g\u00fcvenli, d\u00fcnya standartlar\u0131nda estetik yap\u0131lar olu\u015fturmakt\u0131r.&#8221;][ts_counter details=&#8221;%5B%7B%22value%22%3A%221500%22%2C%22symbol%22%3A%22%2B%22%2C%22tagline%22%3A%22Proje%22%7D%2C%7B%22value%22%3A%2215%22%2C%22symbol%22%3A%22k%22%2C%22tagline%22%3A%22Konut%22%7D%2C%7B%22value%22%3A%2296%22%2C%22symbol%22%3A%22%25%22%2C%22tagline%22%3A%22Ba%C5%9Far%C4%B1%22%7D%5D&#8221;][ts_text_box color=&#8221;light&#8221;]\u00c7al\u0131\u015fmalar\u0131m\u0131zda hedefimiz; can ve mal g\u00fcvenli\u011finin korunmas\u0131 i\u00e7in, yap\u0131lar\u0131n \u00fcretiminde kalite ve g\u00fcvenlik standartlar\u0131n\u0131 en \u00fcst d\u00fczeyde uygulatarak gelece\u011fe g\u00fcvenle bak\u0131lmas\u0131n\u0131 sa\u011flamakt\u0131r.[\/ts_text_box][\/vc_column][\/vc_row][vc_row use_container=&#8221;yes&#8221;][vc_column][ts_section_title position=&#8221;centered&#8221; index=&#8221;03&#8243; title=&#8221;Kentsel D\u00f6n\u00fc\u015f\u00fcm Hizmetlerimiz&#8221;][vc_row_inner][vc_column_inner width=&#8221;1\/3&#8243; offset=&#8221;vc_col-md-1\/5&#8243;][ts_icon_flip_box index=&#8221;01&#8243; title=&#8221;Kentsel D\u00f6n\u00fc\u015f\u00fcm&#8221; description=&#8221;Kentsel d\u00f6n\u00fc\u015f\u00fcm, bozulma ve \u00e7\u00f6kme olan kentsel alan\u0131n iyile\u015ftirilmesine y\u00f6nelik uygulanan strateji ve eylemleri ifade ediyor.&#8221; icon=&#8221;484&#8243;][\/vc_column_inner][vc_column_inner width=&#8221;1\/3&#8243; offset=&#8221;vc_col-md-1\/5&#8243;][ts_icon_flip_box index=&#8221;02&#8243; title=&#8221;Yap\u0131 Laboratuvar\u0131&#8221; description=&#8221;Yap\u0131 Malzemesi Laboratuvar\u0131 \u00f6\u011fretim ve ara\u015ft\u0131rma ama\u00e7lar\u0131 i\u00e7in gerekli deneylerin yap\u0131lmas\u0131n\u0131 sa\u011flamak i\u00e7in kurulmu\u015ftur&#8221; icon=&#8221;485&#8243;][\/vc_column_inner][vc_column_inner width=&#8221;1\/3&#8243; offset=&#8221;vc_col-md-1\/5&#8243;][ts_icon_flip_box index=&#8221;03&#8243; title=&#8221;Risk Analiz Raporu&#8221; description=&#8221;\u0130\u015fletmelerin faaliyetleri s\u0131ras\u0131nda ortaya \u00e7\u0131kan veya ortaya \u00e7\u0131kmas\u0131 ihtimali bulunan tehlikelerin \u00f6nceden \u00f6nlem al\u0131nmas\u0131.&#8221; icon=&#8221;483&#8243;][\/vc_column_inner][vc_column_inner width=&#8221;1\/3&#8243; offset=&#8221;vc_col-md-1\/5&#8243;][ts_icon_flip_box index=&#8221;04&#8243; title=&#8221;Donat\u0131 Tespiti&#8221; description=&#8221;Kaba \u0130n\u015faat\u0131 olu\u015fturan, d\u00f6\u015feme, kiri\u015f, merdiven gibi Betonarme alan i\u00e7erisinde bulunan in\u015faat demirlerinin denetlenmesi.&#8221; icon=&#8221;481&#8243;][\/vc_column_inner][vc_column_inner width=&#8221;1\/3&#8243; offset=&#8221;vc_col-md-1\/5&#8243;][ts_icon_flip_box index=&#8221;05&#8243; title=&#8221;Karot&#8221; description=&#8221;Yap\u0131 uzmanlar\u0131 da ellerindeki cihaz\u0131 duvar\u0131n uygun bir yerinden betona dayay\u0131p titre\u015fimleri dinliyor. Ula\u015f\u0131lan veriler denetleniyor.&#8221; icon=&#8221;482&#8243;][\/vc_column_inner][\/vc_row_inner][\/vc_column][\/vc_row][vc_row section_background_color=&#8221;#eaebee&#8221; use_container=&#8221;yes&#8221; el_class=&#8221;projects-carousel&#8221;][vc_column offset=&#8221;vc_col-md-4&#8243;][ts_section_title index=&#8221;04&#8243; title=&#8221;projeler&#8221; tagline=&#8221;Tamamlanan ve devam eden projelerimiz&#8221;][\/vc_column][vc_column offset=&#8221;vc_col-md-8&#8243;][ts_projects_carousel details=&#8221;%5B%7B%22image%22%3A%22507%22%2C%22title%22%3A%22Laleg%C3%BCl%20Sitesi%22%2C%22tagline%22%3A%22Tamamlanan%20Proje%22%2C%22link_url%22%3A%22%23%22%7D%2C%7B%22image%22%3A%22494%22%2C%22title%22%3A%22DMarin%20G%C3%BCne%C5%9F%20Sitesi%22%2C%22tagline%22%3A%22Tamamlanan%20Proje%22%2C%22link_url%22%3A%22%23%22%7D%2C%7B%22image%22%3A%22507%22%2C%22title%22%3A%22Laleg%C3%BCl%20Sitesi%22%2C%22tagline%22%3A%22Tamamlanan%20Proje%22%2C%22link_url%22%3A%22%23%22%7D%2C%7B%22image%22%3A%22494%22%2C%22title%22%3A%22DMarin%20G%C3%BCne%C5%9F%20Sitesi%22%2C%22tagline%22%3A%22Tamamlanan%20Proje%22%2C%22link_url%22%3A%22%23%22%7D%5D&#8221;][\/vc_column][\/vc_row][vc_row section_background_color=&#8221;#405089&#8243; use_container=&#8221;yes&#8221; section_background_image=&#8221;101&#8243;][vc_column][ts_section_title position=&#8221;centered&#8221; color=&#8221;light&#8221; index=&#8221;05&#8243; title=&#8221;M\u00fc\u015fteri Yorumlar\u0131m\u0131z&#8221;][vc_row_inner][vc_column_inner][ts_testimonials details=&#8221;%5B%7B%22image%22%3A%2291%22%2C%22testimonial%22%3A%22Bir%20ka%C3%A7%20projede%20birlikte%20%C3%A7al%C4%B1%C5%9Fma%20f%C4%B1rsat%C4%B1%20bulduk%2C%20sorunsuz%20i%C5%9F%20s%C3%BCre%C3%A7leri%20geli%C5%9Ftirdi%C4%9Finiz%20i%C3%A7in%20te%C5%9Fekk%C3%BCr%20ederiz.%22%2C%22jobtitle%22%3A%22BM%20%C4%B0n%C5%9Faat%20%26%20Dan%C4%B1%C5%9Fmanl%C4%B1k%22%7D%2C%7B%22image%22%3A%2293%22%2C%22testimonial%22%3A%22Profesyonel%20ve%20kurumsall%C4%B1%C4%9F%C4%B1%20%C3%B6n%20planda%20tutarak%20kalitesini%20be%C4%9Fendi%C4%9Fim%20bir%20hizmet%20firmas%C4%B1%20olarak%20ba%C5%9Far%C4%B1lar%C4%B1n%C4%B1z%C4%B1n%20devam%C4%B1n%C4%B1%20diler%2C%20s%C3%BCrekli%20birlikte%20%C3%A7al%C4%B1%C5%9Fmam%C4%B1z%C4%B1%20temenni%20ederim.%22%2C%22jobtitle%22%3A%22Berk%20Soyda%C5%9F%20Mimarl%C4%B1k%22%7D%2C%7B%22image%22%3A%2292%22%2C%22testimonial%22%3A%22Samimiyetiniz%20ve%20ilginizden%20dolay%C4%B1%20%C3%A7ok%20memnun%20kald%C4%B1k%20farkl%C4%B1%20bir%20Projede%20yeniden%20%C3%A7al%C4%B1%C5%9Fmak%20%C3%BCzere%20bol%20%C5%9Fans%20dilerim.%22%2C%22jobtitle%22%3A%22Birlik%20%C4%B0n%C5%9Faat%22%7D%5D&#8221;][\/vc_column_inner][\/vc_row_inner][\/vc_column][\/vc_row][vc_row section_background_color=&#8221;#eaebee&#8221; use_container=&#8221;yes&#8221;][vc_column][ts_section_title index=&#8221;06&#8243; title=&#8221;duyurular&#8221; tagline=&#8221;Bakanl\u0131k ve firmam\u0131z hakk\u0131ndaki duyurular&#8221;][vc_row_inner][vc_column_inner][ts_recent_news][\/vc_column_inner][\/vc_row_inner][\/vc_column][\/vc_row][vc_row motts_theme_padding=&#8221;no&#8221; use_container=&#8221;yes&#8221; css=&#8221;.vc_custom_1585175420529{padding-top: 100px !important;}&#8221;][vc_column][ts_cta_banner image=&#8221;119&#8243; title=&#8221;Bizimle \u00c7al\u0131\u015fmak \u0130stermisiniz&#8221; tagline=&#8221;Soru ve sorunlar\u0131n\u0131z, projelerimiz hakk\u0131nda bilgi almak i\u00e7in bizi aray\u0131n\u0131z.&#8221;][\/vc_column][\/vc_row]<\/p>\n","protected":false},"excerpt":{"rendered":"<p>[vc_row anchor_wrap_section=&#8221;no&#8221; el_class=&#8221;slider-spacing&#8221;][vc_column][ts_hero_slider hero_slider=&#8221;14&#8243;][\/vc_column][\/vc_row][vc_row section_background_color=&#8221;#c1c4ce&#8221; motts_theme_padding=&#8221;no&#8221; el_class=&#8221;label-text-box-spacing&#8221;][vc_column][vc_row_inner el_class=&#8221;label-text-wrapper&#8221;][vc_column_inner width=&#8221;1\/4&#8243;][ts_label_text_box title=&#8221;M\u00fchendislik&#8221;]Teknik, matematiksel ve sosyal veriler \u0131\u015f\u0131\u011f\u0131nda insanlar\u0131n kullan\u0131m\u0131na y\u00f6nelik yeni sistemler \u00fcretme ve geli\u015ftirme ile sorumludur.[\/ts_label_text_box][\/vc_column_inner][vc_column_inner width=&#8221;1\/4&#8243;][ts_label_text_box title=&#8221;Mimarl\u0131k&#8221;]Binalar\u0131 ve di\u011fer fiziki yap\u0131lar\u0131 belirli \u00f6l\u00e7\u00fc ve kurallara g\u00f6re tasarlama ve kurma sanat\u0131 ve bilimidir.[\/ts_label_text_box][\/vc_column_inner][vc_column_inner width=&#8221;1\/4&#8243;][ts_label_text_box title=&#8221;Yap\u0131 Denetim&#8221;]Yeni in\u015fa edilen binalar\u0131n denetlenmesi ve denetim sonucu binalar\u0131n g\u00fcvenilir oldu\u011funa [&hellip;]<\/p>\n","protected":false},"author":1,"featured_media":0,"parent":0,"menu_order":0,"comment_status":"closed","ping_status":"closed","template":"page-builder.php","meta":[],"_links":{"self":[{"href":"https:\/\/detayteknikyapi.com\/anasayfa\/wp-json\/wp\/v2\/pages\/9"}],"collection":[{"href":"https:\/\/detayteknikyapi.com\/anasayfa\/wp-json\/wp\/v2\/pages"}],"about":[{"href":"https:\/\/detayteknikyapi.com\/anasayfa\/wp-json\/wp\/v2\/types\/page"}],"author":[{"embeddable":true,"href":"https:\/\/detayteknikyapi.com\/anasayfa\/wp-json\/wp\/v2\/users\/1"}],"replies":[{"embeddable":true,"href":"https:\/\/detayteknikyapi.com\/anasayfa\/wp-json\/wp\/v2\/comments?post=9"}],"version-history":[{"count":34,"href":"https:\/\/detayteknikyapi.com\/anasayfa\/wp-json\/wp\/v2\/pages\/9\/revisions"}],"predecessor-version":[{"id":608,"href":"https:\/\/detayteknikyapi.com\/anasayfa\/wp-json\/wp\/v2\/pages\/9\/revisions\/608"}],"wp:attachment":[{"href":"https:\/\/detayteknikyapi.com\/anasayfa\/wp-json\/wp\/v2\/media?parent=9"}],"curies":[{"name":"wp","href":"https:\/\/api.w.org\/{rel}","templated":true}]}}